{"id":15807,"date":"2023-06-23T06:37:51","date_gmt":"2023-06-23T06:37:51","guid":{"rendered":"https:\/\/livingmachinesconference.eu\/2023\/?page_id=15807"},"modified":"2024-07-08T21:33:12","modified_gmt":"2024-07-08T21:33:12","slug":"posters","status":"publish","type":"page","link":"https:\/\/livingmachinesconference.eu\/2024\/posters\/","title":{"rendered":"Posters"},"content":{"rendered":"<p>[vc_section][vc_row content_width=&#8221;grid&#8221; el_id=&#8221;1&#8243;][vc_column][vc_column_text]<\/p>\n<h2>Instructions for Poster presentations<\/h2>\n<p>[\/vc_column_text][vc_column_text]We invite authors with an accepted poster presentation to print their poster in whichever aspect ratio they prefer, however all posters must be no larger than 4&#215;4&#8242; (1219&#215;1219 mm). All posters must be hung on Tuesday, and must be removed by 15:00 on Thursday. Odd-numbered posters will present on Tuesday, and even-numbered posters will present on Wednesday.[\/vc_column_text][vc_column_text]<\/p>\n<h2>Accepted Posters<\/h2>\n<table dir=\"ltr\" border=\"1\" cellspacing=\"0\" cellpadding=\"0\" data-sheets-root=\"1\">\n<colgroup>\n<col width=\"100\" \/>\n<col width=\"100\" \/>\n<col width=\"943\" \/>\n<col width=\"2245\" \/><\/colgroup>\n<tbody>\n<tr>\n<td data-sheets-value=\"{&quot;1&quot;:2,&quot;2&quot;:&quot;Poster number&quot;}\">\n<h3>Poster number<\/h3>\n<\/td>\n<td data-sheets-value=\"{&quot;1&quot;:2,&quot;2&quot;:&quot;ID&quot;}\">\n<h3>ID<\/h3>\n<\/td>\n<td data-sheets-value=\"{&quot;1&quot;:2,&quot;2&quot;:&quot;Title&quot;}\">\n<h3>Title<\/h3>\n<\/td>\n<td data-sheets-value=\"{&quot;1&quot;:2,&quot;2&quot;:&quot;Authors&quot;}\">\n<h3>Authors<\/h3>\n<\/td>\n<\/tr>\n<tr>\n<td data-sheets-value=\"{&quot;1&quot;:3,&quot;3&quot;:1}\">1<\/td>\n<td data-sheets-value=\"{&quot;1&quot;:3,&quot;3&quot;:45}\">45<\/td>\n<td data-sheets-value=\"{&quot;1&quot;:2,&quot;2&quot;:&quot;SLUGBOT V2: A Slug-Grasper Robot with an Improved Protraction Muscle (I2)&quot;}\">SLUGBOT V2: A Slug-Grasper Robot with an Improved Protraction Muscle (I2)<\/td>\n<td data-sheets-value=\"{&quot;1&quot;:2,&quot;2&quot;:&quot;Gerardo Vega, Ravesh Sukhnandan, Kevin Dai, Victoria Webster-Wood, Greg Sutton, Steve Rogers, Hillel Chiel&quot;}\">Gerardo Vega, Kevin Dai, Ravesh Sukhnandan, Steve Rogers, Gregory P. Sutton, Hillel J. Chiel, Victoria A. Webster-Wood<\/td>\n<\/tr>\n<tr>\n<td data-sheets-value=\"{&quot;1&quot;:3,&quot;3&quot;:2}\" data-sheets-formula=\"=R[-1]C[0]+1\">2<\/td>\n<td data-sheets-value=\"{&quot;1&quot;:3,&quot;3&quot;:24}\">24<\/td>\n<td data-sheets-value=\"{&quot;1&quot;:2,&quot;2&quot;:&quot;Multilevel Synthetic Nervous System Control For Legged Locomotion&quot;}\">Multilevel Synthetic Nervous System Control For Legged Locomotion<\/td>\n<td data-sheets-value=\"{&quot;1&quot;:2,&quot;2&quot;:&quot;Ryan Grummer, Clayton Jackson, Roger Quinn&quot;}\">Ryan Grummer, Clayton Jackson, Roger Quinn<\/td>\n<\/tr>\n<tr>\n<td data-sheets-value=\"{&quot;1&quot;:3,&quot;3&quot;:3}\" data-sheets-formula=\"=R[-1]C[0]+1\">3<\/td>\n<td data-sheets-value=\"{&quot;1&quot;:3,&quot;3&quot;:43}\">43<\/td>\n<td data-sheets-value=\"{&quot;1&quot;:2,&quot;2&quot;:&quot;Positional accuracy characterization of converted 3D bioprinters via a low-cost camera-based system&quot;}\">Positional accuracy characterization of converted 3D bioprinters via a low-cost camera-based system<\/td>\n<td data-sheets-value=\"{&quot;1&quot;:2,&quot;2&quot;:&quot;Anika Sun, Avery Williamson, Syed Ashraf, Adam Feinberg, Victoria Webster-Wood&quot;}\">Anika Sun, Avery Williamson, Syed Ashraf, Adam Feinberg, Victoria Webster-Wood<\/td>\n<\/tr>\n<tr>\n<td data-sheets-value=\"{&quot;1&quot;:3,&quot;3&quot;:4}\" data-sheets-formula=\"=R[-1]C[0]+1\">4<\/td>\n<td data-sheets-value=\"{&quot;1&quot;:3,&quot;3&quot;:22}\">22<\/td>\n<td data-sheets-value=\"{&quot;1&quot;:2,&quot;2&quot;:&quot;A Method to Characterize Rat Hindlimb Mechanics Using Dynamic Perturbations&quot;}\">A Method to Characterize Rat Hindlimb Mechanics Using Dynamic Perturbations<\/td>\n<td data-sheets-value=\"{&quot;1&quot;:2,&quot;2&quot;:&quot;Zhong Wang, Sam Tran, Gil Serrancoli, Matthew Tresch&quot;}\">Zhong Wang, Sam Tran, Gil Serrancoli, Matthew Tresch<\/td>\n<\/tr>\n<tr>\n<td data-sheets-value=\"{&quot;1&quot;:3,&quot;3&quot;:5}\" data-sheets-formula=\"=R[-1]C[0]+1\">5<\/td>\n<td data-sheets-value=\"{&quot;1&quot;:3,&quot;3&quot;:55}\">55<\/td>\n<td data-sheets-value=\"{&quot;1&quot;:2,&quot;2&quot;:&quot;Augmenting Epidural Spinal Cord Stimulation with Wide Pulse Neuromuscular Electrical Stimulation to Tune Lower Limb Movements and Muscle Activity&quot;}\">Augmenting Epidural Spinal Cord Stimulation with Wide Pulse Neuromuscular Electrical Stimulation to Tune Lower Limb Movements and Muscle Activity<\/td>\n<td data-sheets-value=\"{&quot;1&quot;:2,&quot;2&quot;:&quot;Daniel Song, Matthew Tresch&quot;}\">Daniel Song, Matthew Tresch<\/td>\n<\/tr>\n<tr>\n<td data-sheets-value=\"{&quot;1&quot;:3,&quot;3&quot;:6}\" data-sheets-formula=\"=R[-1]C[0]+1\">6<\/td>\n<td data-sheets-value=\"{&quot;1&quot;:3,&quot;3&quot;:42}\">42<\/td>\n<td data-sheets-value=\"{&quot;1&quot;:2,&quot;2&quot;:&quot;Investigating six leg campaniform sensilla discharge in freely walking Drosophila using a biomimetic robotic model&quot;}\">Investigating six leg campaniform sensilla discharge in freely walking Drosophila using a biomimetic robotic model<\/td>\n<td data-sheets-value=\"{&quot;1&quot;:2,&quot;2&quot;:&quot;Clarissa Goldsmith, Nicholas Szczecinski&quot;}\">Clarus Goldsmith, Nicholas Szczecinski<\/td>\n<\/tr>\n<tr>\n<td data-sheets-value=\"{&quot;1&quot;:3,&quot;3&quot;:7}\" data-sheets-formula=\"=R[-1]C[0]+1\">7<\/td>\n<td data-sheets-value=\"{&quot;1&quot;:3,&quot;3&quot;:51}\">51<\/td>\n<td data-sheets-value=\"{&quot;1&quot;:2,&quot;2&quot;:&quot;Transfer of brain-computer interface decoders for forelimb locomotor phase from before to after spinal cord injury&quot;}\">Transfer of brain-computer interface decoders for forelimb locomotor phase from before to after spinal cord injury<\/td>\n<td data-sheets-value=\"{&quot;1&quot;:2,&quot;2&quot;:&quot;Sam Tran, Grant Engberson, Diya Basrai, Dan Song, Matthew Tresch&quot;}\">Sam Tran, Grant Engberson, Diya Basrai, Dan Song, Matthew Tresch<\/td>\n<\/tr>\n<tr>\n<td data-sheets-value=\"{&quot;1&quot;:3,&quot;3&quot;:8}\" data-sheets-formula=\"=R[-1]C[0]+1\">8<\/td>\n<td data-sheets-value=\"{&quot;1&quot;:3,&quot;3&quot;:17}\">17<\/td>\n<td data-sheets-value=\"{&quot;1&quot;:2,&quot;2&quot;:&quot;Pulse Modulation in Braided Pneumatic Actuators Mimics Contractile Behavior of Biological Muscles&quot;}\">Pulse Modulation in Braided Pneumatic Actuators Mimics Contractile Behavior of Biological Muscles<\/td>\n<td data-sheets-value=\"{&quot;1&quot;:2,&quot;2&quot;:&quot;Mohammad Elzein, Alexander Hunt&quot;}\">Mohammad Elzein, Alexander Hunt<\/td>\n<\/tr>\n<tr>\n<td data-sheets-value=\"{&quot;1&quot;:3,&quot;3&quot;:9}\" data-sheets-formula=\"=R[-1]C[0]+1\">9<\/td>\n<td data-sheets-value=\"{&quot;1&quot;:3,&quot;3&quot;:11}\">11<\/td>\n<td data-sheets-value=\"{&quot;1&quot;:2,&quot;2&quot;:&quot;Speed-independent wall distance estimation along a given trajectory of a biohybrid Fly-Robot-Interface&quot;}\">Speed-independent wall distance estimation along a given trajectory of a biohybrid Fly-Robot-Interface<\/td>\n<td data-sheets-value=\"{&quot;1&quot;:2,&quot;2&quot;:&quot;Jiaqi Huang, Holger Krapp&quot;}\">Jiaqi Huang, Holger Krapp<\/td>\n<\/tr>\n<tr>\n<td data-sheets-value=\"{&quot;1&quot;:3,&quot;3&quot;:10}\" data-sheets-formula=\"=R[-1]C[0]+1\">10<\/td>\n<td data-sheets-value=\"{&quot;1&quot;:3,&quot;3&quot;:46}\">46<\/td>\n<td data-sheets-value=\"{&quot;1&quot;:2,&quot;2&quot;:&quot;Combined deep learning and model-based approach to automated markerless tracking of the 3D head pose and vibrissal array of rodents during a search task&quot;}\">Combined deep learning and model-based approach to automated markerless tracking of the 3D head pose and vibrissal array of rodents during a search task<\/td>\n<td data-sheets-value=\"{&quot;1&quot;:2,&quot;2&quot;:&quot;Kevin Kleczka, Mitra J. Z. Hartmann&quot;}\">Kevin Kleczka, Mitra J. Z. Hartmann<\/td>\n<\/tr>\n<tr>\n<td data-sheets-value=\"{&quot;1&quot;:3,&quot;3&quot;:11}\" data-sheets-formula=\"=R[-1]C[0]+1\">11<\/td>\n<td data-sheets-value=\"{&quot;1&quot;:3,&quot;3&quot;:36}\">36<\/td>\n<td data-sheets-value=\"{&quot;1&quot;:2,&quot;2&quot;:&quot;Larva in the loop, utilizing Zebrafish larvae to control robots in real time via optokinetic response feedback&quot;}\">Larva in the loop, utilizing Zebrafish larvae to control robots in real time via optokinetic response feedback<\/td>\n<td data-sheets-value=\"{&quot;1&quot;:2,&quot;2&quot;:&quot;John Jutoy, Erica Jung&quot;}\">John Jutoy, Erica Jung<\/td>\n<\/tr>\n<tr>\n<td data-sheets-value=\"{&quot;1&quot;:3,&quot;3&quot;:12}\" data-sheets-formula=\"=R[-1]C[0]+1\">12<\/td>\n<td data-sheets-value=\"{&quot;1&quot;:3,&quot;3&quot;:50}\">50<\/td>\n<td data-sheets-value=\"{&quot;1&quot;:2,&quot;2&quot;:&quot;Drosophila curve walking: the breaking of symmetry in motor control&quot;}\">Drosophila curve walking: the breaking of symmetry in motor control<\/td>\n<td data-sheets-value=\"{&quot;1&quot;:2,&quot;2&quot;:&quot;E. Axel Gorostiza, Ricardo Cust\u00f3dio, Gesa Dinges, Nicholas Szczecinski, Till Bockem\u00fchl, Kei Ito, Ansgar B\u00fcschges&quot;}\">E. Axel Gorostiza, Ricardo Cust\u00f3dio, Gesa Dinges, Nicholas Szczecinski, Till Bockem\u00fchl, Kei Ito, Ansgar B\u00fcschges<\/td>\n<\/tr>\n<tr>\n<td data-sheets-value=\"{&quot;1&quot;:3,&quot;3&quot;:13}\" data-sheets-formula=\"=R[-1]C[0]+1\">13<\/td>\n<td data-sheets-value=\"{&quot;1&quot;:3,&quot;3&quot;:38}\">38<\/td>\n<td data-sheets-value=\"{&quot;1&quot;:2,&quot;2&quot;:&quot;Bioresorbable shape-adaptive structures for ultrasonic monitoring of deep-tissue homeostasis&quot;}\">Bioresorbable shape-adaptive structures for ultrasonic monitoring of deep-tissue homeostasis<\/td>\n<td data-sheets-value=\"{&quot;1&quot;:2,&quot;2&quot;:&quot;Jiaqi Liu, Naijia Liu, Yameng Xu, Mingzheng Wu, Haohui Zhang, Yue Wang, Ying Yan, Angela Hill, Ruihao Song, Zijie Xu, Minsu Park, Yunyun Wu, Joanna L. Ciatti, Jianyu Gu, Haiwen Luan, Yamin Zhang, Tianyu Yang, Hak-Young Ahn, Shupeng Li, Wilson Z. Ray, Colin K. Franz, Matthew R. MacEwan, Yonggang Huang, Chet W. Hammill, Heling Wang, John A. Rogers&quot;}\">Jiaqi Liu, Naijia Liu, Yameng Xu, Mingzheng Wu, Haohui Zhang, Yue Wang, Ying Yan, Angela Hill, Ruihao Song, Zijie Xu, Minsu Park, Yunyun Wu, Joanna L. Ciatti, Jianyu Gu, Haiwen Luan, Yamin Zhang, Tianyu Yang, Hak-Young Ahn, Shupeng Li, Wilson Z. Ray, Colin K. Franz, Matthew R. MacEwan, Yonggang Huang, Chet W. Hammill, Heling Wang, John A. Rogers<\/td>\n<\/tr>\n<tr>\n<td data-sheets-value=\"{&quot;1&quot;:3,&quot;3&quot;:14}\" data-sheets-formula=\"=R[-1]C[0]+1\">14<\/td>\n<td data-sheets-value=\"{&quot;1&quot;:3,&quot;3&quot;:5}\">5<\/td>\n<td data-sheets-value=\"{&quot;1&quot;:2,&quot;2&quot;:&quot;A Comparative Study of Reinforcement Learning and Insect-Inspired Visual Navigation Methods&quot;}\">A Comparative Study of Reinforcement Learning and Insect-Inspired Visual Navigation Methods<\/td>\n<td data-sheets-value=\"{&quot;1&quot;:2,&quot;2&quot;:&quot;Xiaoting Zhong, Xuelong Sun, Haiyang Li&quot;}\">Xiaoting Zhong, Xuelong Sun, Haiyang Li<\/td>\n<\/tr>\n<tr>\n<td data-sheets-value=\"{&quot;1&quot;:3,&quot;3&quot;:15}\" data-sheets-formula=\"=R[-1]C[0]+1\">15<\/td>\n<td data-sheets-value=\"{&quot;1&quot;:3,&quot;3&quot;:39}\">39<\/td>\n<td data-sheets-value=\"{&quot;1&quot;:2,&quot;2&quot;:&quot;A comparison of model-free controllers for trajectory tracking in a plant-inspired soft arm&quot;}\">A comparison of model-free controllers for trajectory tracking in a plant-inspired soft arm<\/td>\n<td data-sheets-value=\"{&quot;1&quot;:2,&quot;2&quot;:&quot;Muhammad Sunny Nazeer, Yasmin Ansari, Egidio Falotico, Cecilia Laschi&quot;}\">Muhammad Sunny Nazeer, Yasmin Ansari, Egidio Falotico, Cecilia Laschi<\/td>\n<\/tr>\n<tr>\n<td data-sheets-value=\"{&quot;1&quot;:3,&quot;3&quot;:16}\" data-sheets-formula=\"=R[-1]C[0]+1\">16<\/td>\n<td data-sheets-value=\"{&quot;1&quot;:3,&quot;3&quot;:48}\">48<\/td>\n<td data-sheets-value=\"{&quot;1&quot;:2,&quot;2&quot;:&quot;Neural Mechatronics and Mixed Reality for Patient Care&quot;}\">Neural Mechatronics and Mixed Reality for Patient Care<\/td>\n<td data-sheets-value=\"{&quot;1&quot;:2,&quot;2&quot;:&quot;Matthew Flavin, Kyoung-Ho Ha, Zengrong Guo, Shupeng Li, Jin-Tae Kim, John Rogers&quot;}\">Matthew Flavin, Kyoung-Ho Ha, Zengrong Guo, Shupeng Li, Jin-Tae Kim, John Rogers<\/td>\n<\/tr>\n<tr>\n<td data-sheets-value=\"{&quot;1&quot;:3,&quot;3&quot;:17}\" data-sheets-formula=\"=R[-1]C[0]+1\">17<\/td>\n<td data-sheets-value=\"{&quot;1&quot;:3,&quot;3&quot;:31}\">31<\/td>\n<td data-sheets-value=\"{&quot;1&quot;:2,&quot;2&quot;:&quot;Wireless patterning of artificial perception with transcranial optogenetic arrays&quot;}\">Wireless patterning of artificial perception with transcranial optogenetic arrays<\/td>\n<td data-sheets-value=\"{&quot;1&quot;:2,&quot;2&quot;:&quot;Mingzheng Wu, Yiyuan Yang, Jinglan Zhang, Andrew Efimov, Abraham V\u00e1zquez-Guardado, Xiuyuan Li, Kaiqing Zhang, Anthony Banks, Cameron Good, Julia Cox, Lucas Pinto, Yonggang Huang, Yevgenia Kozorovitskiy, John Rogers&quot;}\">Mingzheng Wu, Yiyuan Yang, Jinglan Zhang, Andrew Efimov, Abraham V\u00e1zquez-Guardado, Xiuyuan Li, Kaiqing Zhang, Anthony Banks, Cameron Good, Julia Cox, Lucas Pinto, Yonggang Huang, Yevgenia Kozorovitskiy, John Rogers<\/td>\n<\/tr>\n<tr>\n<td data-sheets-value=\"{&quot;1&quot;:3,&quot;3&quot;:18}\" data-sheets-formula=\"=R[-1]C[0]+1\">18<\/td>\n<td data-sheets-value=\"{&quot;1&quot;:3,&quot;3&quot;:56}\">56<\/td>\n<td data-sheets-value=\"{&quot;1&quot;:2,&quot;2&quot;:&quot;Redefining 3D Bioprinting: Vertical Bio-Ink Deposition for Improved Biofabrication&quot;}\">Redefining 3D Bioprinting: Vertical Bio-Ink Deposition for Improved Biofabrication<\/td>\n<td data-sheets-value=\"{&quot;1&quot;:2,&quot;2&quot;:&quot;Richard van Nieuwenhoven, Ille Gebeshuber, Constantin Sutterluety&quot;}\">Richard van Nieuwenhoven, Ille Gebeshuber, Constantin Sutterluety<\/td>\n<\/tr>\n<tr>\n<td data-sheets-value=\"{&quot;1&quot;:3,&quot;3&quot;:19}\" data-sheets-formula=\"=R[-1]C[0]+1\">19<\/td>\n<td data-sheets-value=\"{&quot;1&quot;:3,&quot;3&quot;:49}\">49<\/td>\n<td data-sheets-value=\"{&quot;1&quot;:2,&quot;2&quot;:&quot;The Effects of 3-D Printing Material on Strain Sensing in Robotic Limbs&quot;}\">The Effects of 3-D Printing Material on Strain Sensing in Robotic Limbs<\/td>\n<td data-sheets-value=\"{&quot;1&quot;:2,&quot;2&quot;:&quot;Foster Holmquist, Isabella Kudyba, Nicholas Szczecinski, Gesa Dinges&quot;}\">Foster Holmquist, Isabella Kudyba, Nicholas Szczecinski, Gesa Dinges<\/td>\n<\/tr>\n<tr>\n<td data-sheets-value=\"{&quot;1&quot;:3,&quot;3&quot;:20}\" data-sheets-formula=\"=R[-1]C[0]+1\">20<\/td>\n<td data-sheets-value=\"{&quot;1&quot;:3,&quot;3&quot;:37}\">37<\/td>\n<td data-sheets-value=\"{&quot;1&quot;:2,&quot;2&quot;:&quot;Exploring the Impact of Physical Attributes on Strain Sensing Through Mechanical Models&quot;}\">Exploring the Impact of Physical Attributes on Strain Sensing Through Mechanical Models<\/td>\n<td data-sheets-value=\"{&quot;1&quot;:2,&quot;2&quot;:&quot;Gesa Dinges, Nicholas Szczecinski&quot;}\">Gesa Dinges, Nicholas Szczecinski<\/td>\n<\/tr>\n<tr>\n<td data-sheets-value=\"{&quot;1&quot;:3,&quot;3&quot;:21}\" data-sheets-formula=\"=R[-1]C[0]+1\">21<\/td>\n<td data-sheets-value=\"{&quot;1&quot;:3,&quot;3&quot;:34}\">34<\/td>\n<td data-sheets-value=\"{&quot;1&quot;:2,&quot;2&quot;:&quot;Moving Inward with Front Legs Improves Tripod Gaits for Crab-like Robot Walking in Sand&quot;}\">Moving Inward with Front Legs Improves Tripod Gaits for Crab-like Robot Walking in Sand<\/td>\n<td data-sheets-value=\"{&quot;1&quot;:2,&quot;2&quot;:&quot;Zach Silberstein, Mingyu Pan, Nathan Carmichael, Kathryn A. Daltorio&quot;}\">Zach Silberstein, Mingyu Pan, Nathan Carmichael, Kathryn A. Daltorio<\/td>\n<\/tr>\n<tr>\n<td data-sheets-value=\"{&quot;1&quot;:3,&quot;3&quot;:22}\" data-sheets-formula=\"=R[-1]C[0]+1\">22<\/td>\n<td data-sheets-value=\"{&quot;1&quot;:3,&quot;3&quot;:40}\">40<\/td>\n<td data-sheets-value=\"{&quot;1&quot;:2,&quot;2&quot;:&quot;Concept for a 3D-Printed Hydrogel Enclosure for Invertebrate Biohybrid Actuators Towards Deployment&quot;}\">Concept for a 3D-Printed Hydrogel Enclosure for Invertebrate Biohybrid Actuators Towards Deployment<\/td>\n<td data-sheets-value=\"{&quot;1&quot;:2,&quot;2&quot;:&quot;Avery Williamson, Michael Bennington, Saul Schaffer, Kathleen Gladson, Victoria Webster-Wood&quot;}\">Avery Williamson, Michael Bennington, Saul Schaffer, Kathleen Gladson, Victoria Webster-Wood<\/td>\n<\/tr>\n<tr>\n<td data-sheets-value=\"{&quot;1&quot;:3,&quot;3&quot;:23}\" data-sheets-formula=\"=R[-1]C[0]+1\">23<\/td>\n<td data-sheets-value=\"{&quot;1&quot;:3,&quot;3&quot;:25}\">25<\/td>\n<td data-sheets-value=\"{&quot;1&quot;:2,&quot;2&quot;:&quot;Passive Stability of Stance is Determined by the Relationship Between Natural Frequency and Walking Frequency&quot;}\">Passive Stability of Stance is Determined by the Relationship Between Natural Frequency and Walking Frequency<\/td>\n<td data-sheets-value=\"{&quot;1&quot;:2,&quot;2&quot;:&quot;Shane Riddle, Greg Sutton, Victoria Webster-Wood, Hillel Chiel, Roger Quinn&quot;}\">Shane Riddle, Greg Sutton, Victoria Webster-Wood, Hillel Chiel, Roger Quinn<\/td>\n<\/tr>\n<tr>\n<td data-sheets-value=\"{&quot;1&quot;:3,&quot;3&quot;:24}\" data-sheets-formula=\"=R[-1]C[0]+1\"><del>24<\/del><\/td>\n<td data-sheets-value=\"{&quot;1&quot;:3,&quot;3&quot;:41}\"><del>41<\/del><\/td>\n<td data-sheets-value=\"{&quot;1&quot;:2,&quot;2&quot;:&quot;Behavioral strategies for stabilizing the legged locomotion of flies and robots over rough terrain&quot;}\"><del>Behavioral strategies for stabilizing the legged locomotion of flies and robots over rough terrain<\/del><\/td>\n<td data-sheets-value=\"{&quot;1&quot;:2,&quot;2&quot;:&quot;Erin E Brandt, Clarus A Goldsmith, Maria R Manyama, Jasmine Nirody, Nicholas Szczecinski&quot;}\"><del>Erin E Brandt, Clarus A Goldsmith, Maria R Manyama, Jasmine Nirody, Nicholas Szczecinski<\/del><\/td>\n<\/tr>\n<tr>\n<td data-sheets-value=\"{&quot;1&quot;:3,&quot;3&quot;:25}\" data-sheets-formula=\"=R[-1]C[0]+1\">25<\/td>\n<td data-sheets-value=\"{&quot;1&quot;:3,&quot;3&quot;:47}\">47<\/td>\n<td data-sheets-value=\"{&quot;1&quot;:2,&quot;2&quot;:&quot;Steps towards constructing geometrically-accurate robotic whisker arrays for the mouse, rat, and harbor seal&quot;}\">Steps towards constructing geometrically-accurate robotic whisker arrays for the mouse, rat, and harbor seal<\/td>\n<td data-sheets-value=\"{&quot;1&quot;:2,&quot;2&quot;:&quot;Kevin Kleczka, Thomas Janssen, Brett Zaorski, Mitra Hartmann&quot;}\">Kevin Kleczka, Thomas Janssen, Brett Zaorski, Megan Black, Eleanor Considine, Mitra Hartmann<\/td>\n<\/tr>\n<tr>\n<td data-sheets-value=\"{&quot;1&quot;:3,&quot;3&quot;:26}\" data-sheets-formula=\"=R[-1]C[0]+1\">26<\/td>\n<td data-sheets-value=\"{&quot;1&quot;:3,&quot;3&quot;:1}\">1<\/td>\n<td data-sheets-value=\"{&quot;1&quot;:2,&quot;2&quot;:&quot;Vertical closure constraint for self-replicating machines&quot;}\">Vertical closure constraint for self-replicating machines<\/td>\n<td data-sheets-value=\"{&quot;1&quot;:2,&quot;2&quot;:&quot;Alex Ellery&quot;}\">Alex Ellery<\/td>\n<\/tr>\n<tr>\n<td data-sheets-value=\"{&quot;1&quot;:3,&quot;3&quot;:27}\" data-sheets-formula=\"=R[-1]C[0]+1\">27<\/td>\n<td data-sheets-value=\"{&quot;1&quot;:3,&quot;3&quot;:54}\">54<\/td>\n<td data-sheets-value=\"{&quot;1&quot;:2,&quot;2&quot;:&quot;Shallow neural networks used to model the early stages of neural processing in the rodent whisker system&quot;}\">Shallow neural networks used to model the early stages of neural processing in the rodent whisker system<\/td>\n<td data-sheets-value=\"{&quot;1&quot;:2,&quot;2&quot;:&quot;Kevin Kleczka, Mitra Hartmann, Ding Zhang, Chen Si, Yuchen Wang&quot;}\">Kleczka KJ, Si C, Wang Y, Zhang D, and Hartmann MJ<\/td>\n<\/tr>\n<tr>\n<td data-sheets-value=\"{&quot;1&quot;:3,&quot;3&quot;:28}\" data-sheets-formula=\"=R[-1]C[0]+1\">28<\/td>\n<td data-sheets-value=\"{&quot;1&quot;:3,&quot;3&quot;:7}\">7<\/td>\n<td data-sheets-value=\"{&quot;1&quot;:2,&quot;2&quot;:&quot;Bioinspired Navigation Based on Distributed Sensing in the Leech Using Dynamic Neural Fields&quot;}\">Bioinspired Navigation Based on Distributed Sensing in the Leech Using Dynamic Neural Fields<\/td>\n<td data-sheets-value=\"{&quot;1&quot;:2,&quot;2&quot;:&quot;Sebastian Nichols, Jeffrey Gill, Bruno Mota, Brian Taylor, Cynthia Harley&quot;}\">Sebastian T. Nichols, Jeffrey P. Gill, Bruno Mota, Cynthia M. Harley, and Brian K. Taylor<\/td>\n<\/tr>\n<tr>\n<td data-sheets-value=\"{&quot;1&quot;:3,&quot;3&quot;:29}\" data-sheets-formula=\"=R[-1]C[0]+1\">29<\/td>\n<td data-sheets-value=\"{&quot;1&quot;:3,&quot;3&quot;:20}\">20<\/td>\n<td data-sheets-value=\"{&quot;1&quot;:2,&quot;2&quot;:&quot;Creating an Artificial No-Fly Zone with Sensory Disruptions&quot;}\">Creating an Artificial No-Fly Zone with Sensory Disruptions<\/td>\n<td data-sheets-value=\"{&quot;1&quot;:2,&quot;2&quot;:&quot;Brian Taylor, Andrew Giang&quot;}\">Andrew Taylor Giang and Brian Kyle Taylor<\/td>\n<\/tr>\n<tr>\n<td data-sheets-value=\"{&quot;1&quot;:3,&quot;3&quot;:30}\" data-sheets-formula=\"=R[-1]C[0]+1\">30<\/td>\n<td data-sheets-value=\"{&quot;1&quot;:3,&quot;3&quot;:21}\">21<\/td>\n<td data-sheets-value=\"{&quot;1&quot;:2,&quot;2&quot;:&quot;Sensory feedback cancellation: Developing resonator networks to mimic A. leptorhynchu\u2019s cerebellar processing of sensory feedback&quot;}\">Sensory feedback cancellation: Developing resonator networks to mimic A. leptorhynchu\u2019s cerebellar processing of sensory feedback<\/td>\n<td data-sheets-value=\"{&quot;1&quot;:2,&quot;2&quot;:&quot;Sheldon Johnson, Gary Marsat, Nicholas Szczecinski&quot;}\">Sheldon Johnson, Gary Marsat, Nicholas Szczecinski<\/td>\n<\/tr>\n<tr>\n<td data-sheets-value=\"{&quot;1&quot;:3,&quot;3&quot;:31}\" data-sheets-formula=\"=R[-1]C[0]+1\">31<\/td>\n<td data-sheets-value=\"{&quot;1&quot;:3,&quot;3&quot;:52}\">52<\/td>\n<td data-sheets-value=\"{&quot;1&quot;:2,&quot;2&quot;:&quot;Evaluating Decoders of Locomotion Intent After Spinal Cord Injury to Drive Restoration of Movement Using FES&quot;}\">Evaluating Decoders of Locomotion Intent After Spinal Cord Injury to Drive Restoration of Movement Using FES<\/td>\n<td data-sheets-value=\"{&quot;1&quot;:2,&quot;2&quot;:&quot;Smiti Narayanan, Matthew Tresch&quot;}\">Smiti Narayanan, Matthew Tresch<\/td>\n<\/tr>\n<tr>\n<td data-sheets-value=\"{&quot;1&quot;:3,&quot;3&quot;:32}\" data-sheets-formula=\"=R[-1]C[0]+1\">32<\/td>\n<td data-sheets-value=\"{&quot;1&quot;:3,&quot;3&quot;:8}\">8<\/td>\n<td data-sheets-value=\"{&quot;1&quot;:2,&quot;2&quot;:&quot;Biocompatibility of Asiga Dental Resins Using a Low-Cost Printer for Biohybrid Actuator Applications&quot;}\">Biocompatibility of Asiga Dental Resins Using a Low-Cost Printer for Biohybrid Actuator Applications<\/td>\n<td data-sheets-value=\"{&quot;1&quot;:2,&quot;2&quot;:&quot;Ashlee S. Liao, Kevin Dai, Bhavya Chopra, Saul Schaffer, Rebekah Adams, Ji Min Seok, Alaeddin Burak Irez, Yongjie Jessica Zhang, Victoria Webster-Wood&quot;}\">Ashlee S. Liao, Kevin Dai, Bhavya Chopra, Saul Schaffer, Rebekah Adams, Ji Min Seok, Alaeddin Burak Irez, Yongjie Jessica Zhang, Victoria Webster-Wood<\/td>\n<\/tr>\n<tr>\n<td data-sheets-value=\"{&quot;1&quot;:3,&quot;3&quot;:33}\" data-sheets-formula=\"=R[-1]C[0]+1\">33<\/td>\n<td data-sheets-value=\"{&quot;1&quot;:3,&quot;3&quot;:30}\">30<\/td>\n<td data-sheets-value=\"{&quot;1&quot;:2,&quot;2&quot;:&quot;The fruit fly, Drosophila melanogaster, as a micro-robotics platform&quot;}\">The fruit fly, Drosophila melanogaster, as a micro-robotics platform<\/td>\n<td data-sheets-value=\"{&quot;1&quot;:2,&quot;2&quot;:&quot;Kenichi Iwasaki, Charles Neuhauser, Chris Stokes, Sasha Rayshubskiy&quot;}\">Kenichi Iwasaki, Charles Neuhauser, Chris Stokes, Aleksandr Rayshubskiy<\/td>\n<\/tr>\n<tr>\n<td data-sheets-value=\"{&quot;1&quot;:3,&quot;3&quot;:34}\" data-sheets-formula=\"=R[-1]C[0]+1\">34<\/td>\n<td data-sheets-value=\"{&quot;1&quot;:3,&quot;3&quot;:19}\">19<\/td>\n<td data-sheets-value=\"{&quot;1&quot;:2,&quot;2&quot;:&quot;Mechanical Design of a Feline Robot for Dynamic Scaling Testing&quot;}\">Mechanical Design of a Feline Robot for Dynamic Scaling Testing<\/td>\n<td data-sheets-value=\"{&quot;1&quot;:2,&quot;2&quot;:&quot;Amy Budzichowski, Shane Riddle, Rucha Batchu, Tina Chen, Clayton Jackson, William Nourse, Roger Quinn&quot;}\">Amy Budzichowski, Shane Riddle, Rucha Batchu, Tina Chen, Clayton Jackson, William Nourse, Roger Quinn<\/td>\n<\/tr>\n<tr>\n<td data-sheets-value=\"{&quot;1&quot;:3,&quot;3&quot;:35}\" data-sheets-formula=\"=R[-1]C[0]+1\">35<\/td>\n<td data-sheets-value=\"{&quot;1&quot;:3,&quot;3&quot;:44}\">44<\/td>\n<td data-sheets-value=\"{&quot;1&quot;:2,&quot;2&quot;:&quot;Failure aware and resilient control for soft actuators&quot;}\">Failure aware and resilient control for soft actuators<\/td>\n<td data-sheets-value=\"{&quot;1&quot;:2,&quot;2&quot;:&quot;Rishabh Goel, Tejonidhi Deshpande, Tingyu Cheng, Josiah Hester&quot;}\">Rishabh Goel, Tejonidhi Deshpande, Tingyu Cheng, Josiah Hester<\/td>\n<\/tr>\n<\/tbody>\n<\/table>\n<p>[\/vc_column_text][vc_empty_space height=&#8221;25px&#8221;][\/vc_column][\/vc_row][\/vc_section]<\/p>\n","protected":false},"excerpt":{"rendered":"<p>[vc_section][vc_row content_width=&#8221;grid&#8221; el_id=&#8221;1&#8243;][vc_column][vc_column_text] Instructions for Poster presentations [\/vc_column_text][vc_column_text]We invite authors with an accepted poster presentation to print their poster in whichever aspect ratio they prefer, however all posters must be no larger than 4&#215;4&#8242; (1219&#215;1219 mm). All posters must be hung on Tuesday, and must&#8230;<\/p>\n","protected":false},"author":4,"featured_media":0,"parent":0,"menu_order":0,"comment_status":"closed","ping_status":"closed","template":"full-width.php","meta":{"footnotes":""},"class_list":["post-15807","page","type-page","status-publish","hentry"],"_links":{"self":[{"href":"https:\/\/livingmachinesconference.eu\/2024\/wp-json\/wp\/v2\/pages\/15807","targetHints":{"allow":["GET"]}}],"collection":[{"href":"https:\/\/livingmachinesconference.eu\/2024\/wp-json\/wp\/v2\/pages"}],"about":[{"href":"https:\/\/livingmachinesconference.eu\/2024\/wp-json\/wp\/v2\/types\/page"}],"author":[{"embeddable":true,"href":"https:\/\/livingmachinesconference.eu\/2024\/wp-json\/wp\/v2\/users\/4"}],"replies":[{"embeddable":true,"href":"https:\/\/livingmachinesconference.eu\/2024\/wp-json\/wp\/v2\/comments?post=15807"}],"version-history":[{"count":15,"href":"https:\/\/livingmachinesconference.eu\/2024\/wp-json\/wp\/v2\/pages\/15807\/revisions"}],"predecessor-version":[{"id":16389,"href":"https:\/\/livingmachinesconference.eu\/2024\/wp-json\/wp\/v2\/pages\/15807\/revisions\/16389"}],"wp:attachment":[{"href":"https:\/\/livingmachinesconference.eu\/2024\/wp-json\/wp\/v2\/media?parent=15807"}],"curies":[{"name":"wp","href":"https:\/\/api.w.org\/{rel}","templated":true}]}}