{"id":15737,"date":"2023-06-20T12:03:15","date_gmt":"2023-06-20T12:03:15","guid":{"rendered":"https:\/\/livingmachinesconference.eu\/2023\/?page_id=15737"},"modified":"2024-07-04T15:13:47","modified_gmt":"2024-07-04T15:13:47","slug":"oral-sessions","status":"publish","type":"page","link":"https:\/\/livingmachinesconference.eu\/2024\/oral-sessions\/","title":{"rendered":"Oral Sessions &#8211; Talks"},"content":{"rendered":"<p>[vc_section][vc_row content_width=&#8221;grid&#8221; el_id=&#8221;1&#8243;][vc_column]<div class=\"edgtf-title-section-holder\">\n\t\t\t<h2 class=\"edgtf-title-with-dots\" >\n\t\t\tTUESDAY, JULY 9\t\t<\/h2>\n\t\t<span class=\"edge-title-separator edge-enable-separator\" ><\/span>\n\n\t<\/div>[vc_column_text]<\/p>\n<h4>Oral Session 1 \u2013 Brain Network Modeling<\/h4>\n<h5>[033]\u00a0<span data-sheets-formula-bar-text-style=\"font-size:13px;color:#000000;font-weight:normal;text-decoration:none;font-family:'Arial';font-style:normal;text-decoration-skip-ink:none;\">BrainX3 3.0: Advancing Neuroinformatics and Artificial Brains for Living Machines<\/span> (Man Yang, Bas J. N. M. Drost, Dante Avi\u00f1\u00f31, Benedetta Felici, Francisco P\u00e1scoa dos Santos, Raimon Bullich Vilarrubias, Vivek Sharma, Paul F. M. J. Verschure)<\/h5>\n<h5>[009]\u00a0<span data-sheets-formula-bar-text-style=\"font-size:13px;color:#000000;font-weight:normal;text-decoration:none;font-family:'Arial';font-style:normal;text-decoration-skip-ink:none;\">Towards Biophysical Network Simulations of Stochastically-Formed Neurospheres<\/span> (Michael Bennington, Victoria Webster-Wood)<\/h5>\n<p>[\/vc_column_text][vc_empty_space height=&#8221;25px&#8221;][\/vc_column][\/vc_row][vc_row content_width=&#8221;grid&#8221; el_id=&#8221;2&#8243;][vc_column][vc_column_text el_id=&#8221;#2&#8243;]<\/p>\n<h4>Oral Session 2 \u2013 Tools for Studying Behaviors<\/h4>\n<h5>[015]\u00a0<span data-sheets-formula-bar-text-style=\"font-size:13px;color:#000000;font-weight:normal;text-decoration:none;font-family:'Arial';font-style:normal;text-decoration-skip-ink:none;\">FlyWheel: A Robotic Platform for Modeling Fly Visual Behavior<\/span> (William Nourse, Roger Quinn)<\/h5>\n<h5>[035]\u00a0<span data-sheets-formula-bar-text-style=\"font-size:13px;color:#000000;font-weight:normal;text-decoration:none;font-family:'Arial';font-style:normal;text-decoration-skip-ink:none;\">A coupled-oscillator model of human attachment dynamics evaluated in a robot dyadic interaction<\/span> (Aung Htet, Alejandro Jimenez-Rodriguez, Marcantonio Gagliardi, and Tony J. Prescott)<\/h5>\n<p>[\/vc_column_text][vc_empty_space height=&#8221;25px&#8221;][\/vc_column][\/vc_row][vc_row content_width=&#8221;grid&#8221; el_id=&#8221;3&#8243;][vc_column][vc_column_text]<\/p>\n<h4>Oral Session 3 \u2013 Sensors<\/h4>\n<h5>[010]\u00a0<span data-sheets-formula-bar-text-style=\"font-size:13px;color:#000000;font-weight:normal;text-decoration:none;font-family:'Arial';font-style:normal;text-decoration-skip-ink:none;\">Maximizing robotic limb rigidity and strain sensing capabilities through localized Kevlar fiber reinforcement<\/span> (Gesa Dinges, Isabella Kudyba, Sasha Zill, Nicholas Szczecinski)<\/h5>\n<h5>[028]\u00a0Flexible Strain Gauge Sensors as Real-time Stretch Receptors for Use in Biomimetic BPA Muscle Applications (Rochelle Jubert, Alexander Hunt)<\/h5>\n<p>[\/vc_column_text][vc_empty_space height=&#8221;25px&#8221; el_id=&#8221;2&#8243;][\/vc_column][\/vc_row][\/vc_section][vc_section][vc_row content_width=&#8221;grid&#8221; el_id=&#8221;4&#8243;][vc_column]<div class=\"edgtf-title-section-holder\">\n\t\t\t<h2 class=\"edgtf-title-with-dots\" >\n\t\t\tWEDNESDAY, JULY 10\t\t<\/h2>\n\t\t<span class=\"edge-title-separator edge-enable-separator\" ><\/span>\n\n\t<\/div>[vc_column_text]<\/p>\n<h4>Oral Session 4 \u2013 Navigational Systems (Sponsored by the Case Alumni Association)<\/h4>\n<h5>[014]\u00a0<span data-sheets-formula-bar-text-style=\"font-size:13px;color:#000000;font-weight:normal;text-decoration:none;font-family:'Arial';font-style:normal;text-decoration-skip-ink:none;\">Binocular Vision and Vector-Summation Based Integration of Bilateral Innate and Learned Visual Cues in Insect Navigation<\/span> (Qin Sun, Xuelong Sun, Haiyang Li)<\/h5>\n<h5>[004]\u00a0<span data-sheets-formula-bar-text-style=\"font-size:13px;color:#000000;font-weight:normal;text-decoration:none;font-family:'Arial';font-style:normal;text-decoration-skip-ink:none;\">Bioinspired Magnetic Navigation for Exploring Celestial Bodies<\/span> (Renzhi Li, Quynh Ngo, Jeffrey Gill, Catherine Kehl, Brian Taylor)<\/h5>\n<p>[\/vc_column_text][vc_empty_space height=&#8221;25px&#8221;][\/vc_column][\/vc_row][vc_row content_width=&#8221;grid&#8221; el_id=&#8221;5&#8243;][vc_column][vc_column_text]<\/p>\n<h4>Oral Session 5 \u2013 Control and Mechanics of Continuum Systems<\/h4>\n<h5>[013]\u00a0<span data-sheets-formula-bar-text-style=\"font-size:13px;color:#000000;font-weight:normal;text-decoration:none;font-family:'Arial';font-style:normal;text-decoration-skip-ink:none;\">Erodium awn\u2019s water transport insights for controlled swelling agent rearrangement in anisotropic structures<\/span> (Yauheni Sarokin, Alvo Aabloo, Indrek Must)<\/h5>\n<h5>[023]\u00a0<span data-sheets-formula-bar-text-style=\"font-size:13px;color:#000000;font-weight:normal;text-decoration:none;font-family:'Arial';font-style:normal;text-decoration-skip-ink:none;\">Simulated Control of an Aquatic Serpentine Robot with Stable Heteroclinic Channels<\/span> (Nathaniel Mengers, Natasha Rouse, and Kathryn Daltorio)<\/h5>\n<p>[\/vc_column_text][vc_empty_space height=&#8221;25px&#8221;][\/vc_column][\/vc_row][vc_row content_width=&#8221;grid&#8221; el_id=&#8221;6&#8243;][vc_column][vc_column_text]<\/p>\n<h4>Oral Session 6 \u2013 System Design<\/h4>\n<h5>[027]\u00a0<span data-sheets-formula-bar-text-style=\"font-size:13px;color:#000000;font-weight:normal;text-decoration:none;font-family:'Arial';font-style:normal;text-decoration-skip-ink:none;\">Design of a Rat Robotic Forelimb<\/span> (Huy Pham, Clayton Jackson, Benjamin Armstead, William Nourse, Emanuel Andrada, and Roger Quinn)<\/h5>\n<h5>[002]\u00a0Cellular Plasticity Model for Bottom-Up Robotic Design (Trevor Smith, Thomas Smith, Nicholas Szczecinski, Sergiy Yakovenko, Yu Gu)<\/h5>\n<p>[\/vc_column_text][vc_empty_space height=&#8221;25px&#8221; el_id=&#8221;3&#8243;][\/vc_column][\/vc_row][\/vc_section][vc_section][vc_row content_width=&#8221;grid&#8221; el_id=&#8221;7&#8243;][vc_column]<div class=\"edgtf-title-section-holder\">\n\t\t\t<h2 class=\"edgtf-title-with-dots\" >\n\t\t\tTHURSDAY, JULY 11\t\t<\/h2>\n\t\t<span class=\"edge-title-separator edge-enable-separator\" ><\/span>\n\n\t<\/div>[vc_column_text]<\/p>\n<h4>Oral Session 7 \u2013 Neural Networks for Computation<\/h4>\n<h5>[018]\u00a0Encoding 3D Leg Kinematics using Spatially-Distributed, Population Coded Network Model (Bohdan Zadokha, Nicholas Szczecinski)<\/h5>\n<h5>[003] Analysis Pipeline for High-Dimensional Neuromechanical Model Improvement (Camila J. Fernandez, Jeffrey M. McManus, Yanjun Li, Michael J. Bennington, Roger D. Quinn, Hillel J. Chiel, and Victoria A. Webster-Wood)<\/h5>\n<p>[\/vc_column_text][vc_empty_space height=&#8221;25px&#8221;][\/vc_column][\/vc_row][vc_row content_width=&#8221;grid&#8221; el_id=&#8221;8&#8243;][vc_column][vc_column_text]<\/p>\n<h4>Oral Session 8 \u2013 Bio-Inspired Neural Networks for Control<\/h4>\n<h5>[006]\u00a0Modulation and Time-history-dependent Adaptation Improves the Pick-and-Place Control of a Bioinspired Soft Grasper (Yanjun Li, Ravesh Sukhnandan, Hillel Chiel, Victoria Webster-Wood, Roger Quinn)<\/h5>\n<h5>[016]\u00a0Sequence Generator Network for Neuromechanical Control of Rat Hindlimbs (Clayton Jackson, William Nourse, Roger Quinn)<\/h5>\n<p>[\/vc_column_text][vc_empty_space height=&#8221;25px&#8221;][vc_empty_space height=&#8221;25px&#8221;][\/vc_column][\/vc_row][\/vc_section]<\/p>\n","protected":false},"excerpt":{"rendered":"<p>[vc_section][vc_row content_width=&#8221;grid&#8221; el_id=&#8221;1&#8243;][vc_column][vc_column_text] Oral Session 1 \u2013 Brain Network Modeling [033]\u00a0BrainX3 3.0: Advancing Neuroinformatics and Artificial Brains for Living Machines (Man Yang, Bas J. N. M. Drost, Dante Avi\u00f1\u00f31, Benedetta Felici, Francisco P\u00e1scoa dos Santos, Raimon Bullich Vilarrubias, Vivek Sharma, Paul F. M. J. Verschure)&#8230;<\/p>\n","protected":false},"author":4,"featured_media":0,"parent":0,"menu_order":0,"comment_status":"closed","ping_status":"closed","template":"full-width.php","meta":{"footnotes":""},"class_list":["post-15737","page","type-page","status-publish","hentry"],"_links":{"self":[{"href":"https:\/\/livingmachinesconference.eu\/2024\/wp-json\/wp\/v2\/pages\/15737","targetHints":{"allow":["GET"]}}],"collection":[{"href":"https:\/\/livingmachinesconference.eu\/2024\/wp-json\/wp\/v2\/pages"}],"about":[{"href":"https:\/\/livingmachinesconference.eu\/2024\/wp-json\/wp\/v2\/types\/page"}],"author":[{"embeddable":true,"href":"https:\/\/livingmachinesconference.eu\/2024\/wp-json\/wp\/v2\/users\/4"}],"replies":[{"embeddable":true,"href":"https:\/\/livingmachinesconference.eu\/2024\/wp-json\/wp\/v2\/comments?post=15737"}],"version-history":[{"count":34,"href":"https:\/\/livingmachinesconference.eu\/2024\/wp-json\/wp\/v2\/pages\/15737\/revisions"}],"predecessor-version":[{"id":16375,"href":"https:\/\/livingmachinesconference.eu\/2024\/wp-json\/wp\/v2\/pages\/15737\/revisions\/16375"}],"wp:attachment":[{"href":"https:\/\/livingmachinesconference.eu\/2024\/wp-json\/wp\/v2\/media?parent=15737"}],"curies":[{"name":"wp","href":"https:\/\/api.w.org\/{rel}","templated":true}]}}