{"id":6386,"date":"2020-07-14T18:55:13","date_gmt":"2020-07-14T17:55:13","guid":{"rendered":"http:\/\/livingmachinesconference.eu\/2020\/?page_id=6386"},"modified":"2020-12-28T01:24:56","modified_gmt":"2020-12-28T00:24:56","slug":"accepted-papers","status":"publish","type":"page","link":"https:\/\/livingmachinesconference.eu\/2020\/accepted-papers\/","title":{"rendered":"ACCEPTED PAPERS"},"content":{"rendered":"<div id=\"pl-6386\"  class=\"panel-layout\" ><div id=\"pg-6386-0\"  class=\"panel-grid panel-no-style\" ><div id=\"pgc-6386-0-0\"  class=\"panel-grid-cell\" ><div id=\"panel-6386-0-0-0\" class=\"so-panel widget widget_sow-button panel-first-child panel-last-child\" data-index=\"0\" ><div\n\t\t\t\n\t\t\tclass=\"so-widget-sow-button so-widget-sow-button-wire-4b3c515f92f2-6386\"\n\t\t\t\n\t\t><div class=\"ow-button-base ow-button-align-center\"\n>\n\t\t\t<a\n\t\t\t\t\thref=\"https:\/\/link.springer.com\/book\/10.1007%2F978-3-030-64313-3\"\n\t\t\t\t\tclass=\"sowb-button ow-icon-placement-left ow-button-hover\" \t>\n\t\t<span>\n\t\t\t\n\t\t\tPROCEEDINGS LM2020. LNCS 12413 is now available online!\t\t<\/span>\n\t\t\t<\/a>\n\t<\/div>\n<\/div><\/div><\/div><\/div><div id=\"pg-6386-1\"  class=\"panel-grid panel-no-style\" ><div id=\"pgc-6386-1-0\"  class=\"panel-grid-cell\" ><div id=\"panel-6386-1-0-0\" class=\"so-panel widget widget_sow-editor panel-first-child panel-last-child\" data-index=\"1\" ><div\n\t\t\t\n\t\t\tclass=\"so-widget-sow-editor so-widget-sow-editor-base\"\n\t\t\t\n\t\t>\n<div class=\"siteorigin-widget-tinymce textwidget\">\n\t<h4 class=\"p1\"><span class=\"s1\" style=\"color: #e0512d;\">ORAL PRESENTATIONS<\/span><\/h4>\n<p><span class=\"s2\"><b><span style=\"color: #e0512d;\">1.<\/span> <\/b><\/span><span class=\"s2\"><b>Biomimetic Design of a Soft Robotic Fish for High Speed Locomotion.<\/b><\/span><span class=\"s3\"><br \/>\n<\/span>Sander van den Berg, Rob Scharff, Zoltan Rusak, Jun Wu<\/p>\n<p class=\"p3\"><span class=\"s2\"><b><span style=\"color: #e0512d;\">2.<\/span> Spatio-temporal Memory for Navigation in a Mushroom Body Model.<\/b><\/span><span class=\"s3\"><br \/>\n<\/span>Le Zhu, Michael Mangan, Barbara Webb<\/p>\n<p class=\"p4\"><span class=\"s5\" style=\"color: #e0512d;\"><b>3.<\/b><\/span><span class=\"s6\"><b> Modeling the Dynamic Sensory Discharges of Insect Campaniform Sensilla.<\/b><\/span><span class=\"s7\"><br \/>\n<\/span>Nicholas Szczecinski, Sasha Zill, Chris Dallmann, Roger Quinn<\/p>\n<p class=\"p4\"><span class=\"s5\" style=\"color: #e0512d;\"><b>4.<\/b><\/span><span class=\"s6\"><b> Programming Material Intelligence: An Additive Fabrication Strategy for Self-Shaping Biohybrid Components.<\/b><\/span><span class=\"s7\"><br \/>\n<\/span>Tiffany Cheng, Dylan Wood, Xiang Wang, Philip Yuan, Achim Menges<\/p>\n<p><span class=\"s5\" style=\"color: #e0512d;\"><b>5.<\/b><\/span><span class=\"s6\"><b> Snapshot Navigation In The Wavelet Domain.<\/b><\/span><span class=\"s7\"><br \/>\n<\/span>Stefan Meyer, Thomas Nowotny, Paul Graham, Alex Dewar, Andrew Philippides<\/p>\n<p class=\"p4\"><span class=\"s5\" style=\"color: #e0512d;\"><b>6.<\/b><\/span><span class=\"s6\"><b> From models of cognition to robot control and back using spiking neural networks.<\/b><\/span><span class=\"s7\"><br \/>\n<\/span>Stefan Iacob, Johan Kwisthout, Serge Thill<\/p>\n<p class=\"p4\"><span class=\"s5\" style=\"color: #e0512d;\"><b>7.<\/b><\/span><span class=\"s6\"><b> Multi-material 3D-printer for rapid prototyping of bio-inspired soft robotic elements..<\/b><\/span><span class=\"s7\"><br \/>\n<\/span>Stefan Conrad, Thomas Speck, Falk Esser<\/p>\n<p class=\"p4\"><span class=\"s5\" style=\"color: #e0512d;\"><b>8.<\/b><\/span><span class=\"s6\"><b> Fast Reverse Replays of Recent Spatiotemporal Trajectories in a Robotic Hippocampal Model. <\/b><\/span><span class=\"s7\"><br \/>\n<\/span>Matthew Whelan, Tony Prescott, Eleni Vasilaki<\/p>\n<p class=\"p4\"><span class=\"s5\" style=\"color: #e0512d;\"><b>9.<\/b><\/span><span class=\"s6\"><b> Haptic Object Identification for Advanced Manipulation Skills. <\/b><\/span><span class=\"s1\"><b><br \/>\n<\/b><\/span>Volker Gabler, Korbinia Maier, Satoshi Endo, Dirk Wollherr<\/p>\n<p class=\"p4\"><span class=\"s5\" style=\"color: #e0512d;\"><b>10.<\/b><\/span><span class=\"s6\"><b> Standing on the water: stability mechanisms of snakes on free surface.<\/b><\/span><span class=\"s7\"><br \/>\n<\/span>Johann Herault, Etienne Clement, Jonathan Brossilon, Seth LaGrange, Vincent Lebastard, Frederic Boyer<\/p>\n<p class=\"p4\"><span class=\"s5\" style=\"color: #e0512d;\"><b>11.<\/b><\/span><span class=\"s6\"><b> Biohybrid wind energy generators based on living plants.<\/b><\/span><span class=\"s7\"><br \/>\n<\/span>Fabian Meder, Marc Thielen, Giovanna Adele Naselli, Silvia Taccola, Thomas Speck, Barbara Mazzolai<\/p>\n<p><span class=\"s5\" style=\"color: #e0512d;\"><b>12.<\/b><\/span><span class=\"s6\"><b> Robophysical modeling of bilaterally activated and soft limbless locomotors.<br \/>\n<\/b><\/span>Perrin Schiebel, Marine Maisonneuve, Kelimar Diaz, Jennifer Rieser, Daniel Goldman<\/p>\n<p class=\"p4\">\n<\/div>\n<\/div><\/div><\/div><div id=\"pgc-6386-1-1\"  class=\"panel-grid-cell\" ><div id=\"panel-6386-1-1-0\" class=\"so-panel widget widget_sow-editor panel-first-child panel-last-child\" data-index=\"2\" ><div\n\t\t\t\n\t\t\tclass=\"so-widget-sow-editor so-widget-sow-editor-base\"\n\t\t\t\n\t\t>\n<div class=\"siteorigin-widget-tinymce textwidget\">\n\t<h4 class=\"p1\"><span class=\"s1\" style=\"color: #e0512d;\">POSTER SESSION 1<\/span><\/h4>\n<p><span class=\"s2\"><b><span style=\"color: #e0512d;\">1.<\/span> <\/b><\/span><strong>Improving recall in an associative neural network model of the hippocampus<\/strong>. <em>Nikolaos Andreakos, Shigang Yue, Vassilis Cutsuridis<\/em><\/p>\n<p><span class=\"s2\"><b><span style=\"color: #e0512d;\">2.<\/span> <\/b><\/span><strong>Biohybrid wind energy generators based on living plants. <\/strong><em>Fabian Meder, Marc Thielen, Giovanna Adele Naselli, Silvia Taccola, Thomas Speck, Barbara Mazzolai<\/em><\/p>\n<p><span class=\"s2\"><b><span style=\"color: #e0512d;\">3. <\/span><\/b><\/span><strong>Biomechanical Characterization of Hook-Climber Stems for Soft Robotic Applications.<\/strong> <em>Isabella Fiorello, Alessio Mondini, Barbara Mazzolai<\/em><\/p>\n<p><span class=\"s2\"><b><span style=\"color: #e0512d;\">4. <\/span><\/b><\/span><strong>How to reduce computation time while sparing performance during robot navigation?<\/strong> <strong>A neuro-inspired architecture for autonomous shifting between model-based and model-free learning<\/strong>. <em>R\u00e9mi Dromnelle, Erwan Renaudo, Guillaume Pourcel, Raja Chatila, Benoit Girard, Mehdi Khamassi<\/em><\/p>\n<p><span class=\"s2\"><b><span style=\"color: #e0512d;\">5. <\/span><\/b><\/span><strong>Can small scale search behaviours enhance large-scale navigation?<\/strong> <em>Fabian Steinbeck, Paul Graham, Thomas Nowotny, Andrew Philippides<\/em><\/p>\n<p><span class=\"s2\"><b><span style=\"color: #e0512d;\">6. <\/span><\/b><\/span><strong>Iterative Learning Control as a Framework for Human-Inspired Control with Bio-Mimetic Actuators.<\/strong> <em>Franco Angelini, Matteo Bianchi, Manolo Garabini, Antonio Bicchi, Cosimo Della Santina<\/em><\/p>\n<p><span class=\"s2\"><b><span style=\"color: #e0512d;\">7. <\/span><\/b><\/span><strong>A Simple Platform for Reinforcement Learning of Simulated Flight Behaviors<\/strong>. <em>Simon Levy<\/em><\/p>\n<p><span class=\"s2\"><b><span style=\"color: #e0512d;\">8. <\/span><\/b><\/span><strong>Using the neural circuit of the insect central complex for path integration on an MAV.<\/strong> <em>Jan Stankiewicz, Barbara Webb<\/em><\/p>\n<p><span class=\"s2\"><b><span style=\"color: #e0512d;\">9. <\/span><\/b><\/span><strong>Robofish as Social Partner for Live Guppies.<\/strong> <em>Lea Musiolek, Verena V. Hafner, Jens Krause, Tim Landgraf, David Bierbach<\/em><\/p>\n<p><span class=\"s2\"><b><span style=\"color: #e0512d;\">10. <\/span><\/b><\/span><strong>Split-belt Adaptation Model of a Decerebrate Cat Using a Quadruped Robot with Learning<\/strong>. <em>Kodai Kodono, Hiroshi Kimura<\/em><\/p>\n<p><span class=\"s2\"><b><span style=\"color: #e0512d;\">11. <\/span><\/b><\/span><strong>Evaluation of possible flight strategies for close object evasion from bumblebee experiments.<\/strong> <em>Andreas Thoma, Alex Fisher, Olivier Bertrand, Carsten Braun<\/em><\/p>\n<p><span class=\"s2\"><b><span style=\"color: #e0512d;\">12. <\/span><\/b><\/span><strong>An Image-based Method for the Morphological Analysis of Tendrils with 2D Piece-wise Clothoid Approximation Model.<\/strong> <em>Jie Fan, Francesco Visentin, Emanuela Del Dottore, Barbara Mazzolai<\/em><\/p>\n<p><span class=\"s2\"><b><span style=\"color: #e0512d;\">13.<\/span> <\/b><\/span><strong>The use of social sensorimotor contingencies in humanoid robots<\/strong>. Vasiliki Vouloutsi, Anna Chesson, Maria Blancas, Oscar Guerrero, Paul Verschure<\/p>\n<p><span class=\"s2\"><b><span style=\"color: #e0512d;\">14.<\/span> <\/b><\/span><strong>Machine Morality. From Harm Avoidance to Human-Robot Cooperation.<\/strong> Ismael Tito Freire Gonz\u00e1lez, Dina Urikh, Xerxes Arsiwalla, Paul Verschure<\/p>\n<p><span class=\"s2\"><b><span style=\"color: #e0512d;\">15. <\/span><\/b><\/span><strong>Response of a neurodynamical insect joint model to inhibition of fCO sensory afferents.<\/strong> <em>Clarissa Goldsmith, Nicholas Szczecinski, Roger Quinn<\/em><\/p>\n<p class=\"p3\">\n<\/div>\n<\/div><\/div><\/div><div id=\"pgc-6386-1-2\"  class=\"panel-grid-cell\" ><div id=\"panel-6386-1-2-0\" class=\"so-panel widget widget_sow-editor panel-first-child panel-last-child\" data-index=\"3\" ><div\n\t\t\t\n\t\t\tclass=\"so-widget-sow-editor so-widget-sow-editor-base\"\n\t\t\t\n\t\t>\n<div class=\"siteorigin-widget-tinymce textwidget\">\n\t<h4 class=\"p1\"><span class=\"s1\" style=\"color: #e0512d;\">POSTER SESSION 2<\/span><\/h4>\n<p><span class=\"s2\"><b><span style=\"color: #e0512d;\">16.<\/span> <\/b><\/span><strong>Using Animatlab for Neuromechanical Analysis: Linear Hill Parameter Calculation.<\/strong> <em>Fletcher Young, Alexander Hunt, Hillel Chiel, Roger Quinn<\/em><\/p>\n<p><span class=\"s2\"><b><span style=\"color: #e0512d;\">17.<\/span> <\/b><\/span><strong>Integrated Topological Planning and Scheduling for Orchestrating Large Human-Robot Collaborative Teams.<\/strong> <em>Ioannis Chatzikonstantinou, Ioannis Kostavelis, Dimitris Giakoumis, Dimitrios Tzovaras<\/em><\/p>\n<p><span class=\"s2\"><b><span style=\"color: #e0512d;\">18.<\/span> <\/b><\/span><strong>Efficient fine-grained object detection for robot-assisted WEEE disassembly.<\/strong><em> Ioannis Athanasiadis, Athanasios Psaltis, Apostolos Axenopoulos, Petros Daras<\/em><\/p>\n<p><span class=\"s2\"><b><span style=\"color: #e0512d;\">19.<\/span> <\/b><\/span><strong>Optimization of Artificial Muscle Placements for a Humanoid Bipedal Robot.<\/strong> <em>Connor Morrow, Ben Bolen, Alexander Hunt<\/em><\/p>\n<p><span class=\"s2\"><b><span style=\"color: #e0512d;\">20.<\/span> <\/b><\/span><strong>Bioinspired Navigation Based on Distributed Sensing in the Leech.<\/strong> <em>Sebastian Nichols, Catherine Kehl, Brian Taylor, Cynthia Harley<\/em><\/p>\n<p><span class=\"s2\"><b><span style=\"color: #e0512d;\">21.<\/span> <\/b><\/span><strong>Robotics Application of a Method for Analytically Computing Infinitesimal Phase Response Curves. <\/strong><em>Marshaun Fitzpatrick, Yangyang Wang, Peter Thomas, Roger Quinn, Nicholas Szczecinski<\/em><\/p>\n<p><span class=\"s2\"><b><span style=\"color: #e0512d;\">22.<\/span> <\/b><\/span><strong>Insect inspired view based navigation exploiting temporal information.<\/strong> <em>Efstathios Kagioulis, Andrew Philippides, Paul Graham, James C. Knight, Thomas Nowotny<\/em><\/p>\n<p><span class=\"s2\"><b><span style=\"color: #e0512d;\">23.<\/span> <\/b><\/span><strong>A plausible mechanism for Drosophila Larva intermittent behavior.<\/strong> <em>Panagiotis Sakagiannis, Miguel Aguilera, Martin Paul Nawrot<\/em><\/p>\n<p><span class=\"s2\"><b><span style=\"color: #e0512d;\">24.<\/span> <\/b><\/span><strong>A model of behaviour under motivational conflict.<\/strong> <em>Alejandro Jimenez Rodriguez, Robert Schmidt, Tony Prescott, Stuart Wilson<\/em><\/p>\n<p><span class=\"s2\"><b><span style=\"color: #e0512d;\">25.<\/span> <\/b><\/span><strong>Distributed Adaptive Control: An ideal Cognitive Architecture candidate for managing a robotic recycling plant.<\/strong> <em>Oscar Guerrero Rosado, Paul Verschure<\/em><\/p>\n<p><span class=\"s2\"><b><span style=\"color: #e0512d;\">26.<\/span> <\/b><\/span><strong>Cholinergic control of chaos and evidence sensitivity in a neocortical model of perceptual decision-making.<\/strong> <em>Adri\u00e1n Fern\u00e1ndez Amil, Jordi-Ysard Puigb\u00f2 Llobet, Paul Verschure<\/em><\/p>\n<p><span class=\"s2\"><b><span style=\"color: #e0512d;\">27. <\/span><\/b><\/span><strong>Kinematic and Kinetic Analysis of a Biomechanical Model of Rat Hind Limb with Biarticular Muscles.<\/strong> <em>Kaiyu Deng, Nicholas Szczecinski, Alexander Hunt, Hillel Chiel, Roger Quinn<\/em><\/p>\n<p><span class=\"s2\"><b><span style=\"color: #e0512d;\">28. <\/span><\/b><\/span><strong>A Synthetic Nervous System Model of the Insect Optomotor Response.<\/strong> <em>Anna Sedlackova, Nicholas Szczecinski, Roger Quinn<\/em><\/p>\n<p><span class=\"s2\"><b><span style=\"color: #e0512d;\">29.<\/span> <\/b><\/span><strong>Robophysical modeling of bilaterally activated and soft limbless locomotors<\/strong>. <em>Perrin Schiebel, Marine Maisonneuve, Kelimar Diaz, Jennifer Rieser, Daniel Goldman<\/em><\/p>\n<\/div>\n<\/div><\/div><\/div><\/div><\/div>","protected":false},"excerpt":{"rendered":"<p>ORAL PRESENTATIONS 1. Biomimetic Design of a Soft Robotic Fish for High Speed Locomotion. Sander van den Berg, Rob Scharff, Zoltan Rusak, Jun Wu 2. Spatio-temporal Memory for Navigation in a Mushroom Body Model. Le Zhu, Michael Mangan, Barbara Webb 3. Modeling the Dynamic Sensory Discharges of Insect Campaniform Sensilla. Nicholas Szczecinski, Sasha Zill, Chris&#8230;<\/p>\n","protected":false},"author":2,"featured_media":0,"parent":0,"menu_order":0,"comment_status":"closed","ping_status":"closed","template":"","meta":{"_monsterinsights_skip_tracking":false,"_monsterinsights_sitenote_active":false,"_monsterinsights_sitenote_note":"","_monsterinsights_sitenote_category":0},"_links":{"self":[{"href":"https:\/\/livingmachinesconference.eu\/2020\/wp-json\/wp\/v2\/pages\/6386"}],"collection":[{"href":"https:\/\/livingmachinesconference.eu\/2020\/wp-json\/wp\/v2\/pages"}],"about":[{"href":"https:\/\/livingmachinesconference.eu\/2020\/wp-json\/wp\/v2\/types\/page"}],"author":[{"embeddable":true,"href":"https:\/\/livingmachinesconference.eu\/2020\/wp-json\/wp\/v2\/users\/2"}],"replies":[{"embeddable":true,"href":"https:\/\/livingmachinesconference.eu\/2020\/wp-json\/wp\/v2\/comments?post=6386"}],"version-history":[{"count":25,"href":"https:\/\/livingmachinesconference.eu\/2020\/wp-json\/wp\/v2\/pages\/6386\/revisions"}],"predecessor-version":[{"id":6685,"href":"https:\/\/livingmachinesconference.eu\/2020\/wp-json\/wp\/v2\/pages\/6386\/revisions\/6685"}],"wp:attachment":[{"href":"https:\/\/livingmachinesconference.eu\/2020\/wp-json\/wp\/v2\/media?parent=6386"}],"curies":[{"name":"wp","href":"https:\/\/api.w.org\/{rel}","templated":true}]}}