{"id":3247,"date":"2017-06-10T16:17:39","date_gmt":"2017-06-10T16:17:39","guid":{"rendered":"http:\/\/livingmachinesconference.eu\/2019\/?page_id=3247"},"modified":"2019-07-10T03:01:45","modified_gmt":"2019-07-10T02:01:45","slug":"accepted-papers","status":"publish","type":"page","link":"https:\/\/livingmachinesconference.eu\/2019\/biomimetics-biohybrids\/accepted-papers\/","title":{"rendered":"ACCEPTED PAPERS"},"content":{"rendered":"<div id=\"pl-3247\"  class=\"panel-layout\" ><div id=\"pg-3247-0\"  class=\"panel-grid panel-no-style\" ><div id=\"pgc-3247-0-0\"  class=\"panel-grid-cell panel-grid-cell-empty\" ><\/div><div id=\"pgc-3247-0-1\"  class=\"panel-grid-cell\" ><div id=\"panel-3247-0-1-0\" class=\"so-panel widget widget_sow-button panel-first-child panel-last-child\" data-index=\"0\" ><div\n\t\t\t\n\t\t\tclass=\"so-widget-sow-button so-widget-sow-button-wire-85edd24cf70e-3247\"\n\t\t\t\n\t\t><div class=\"ow-button-base ow-button-align-center\"\n>\n\t\t\t<a\n\t\t\t\t\thref=\"http:\/\/livingmachinesconference.eu\/2019\/biomimetics-biohybrids\/program\/\"\n\t\t\t\t\tclass=\"sowb-button ow-icon-placement-left ow-button-hover\" \t>\n\t\t<span>\n\t\t\t<span class=\"sow-icon-fontawesome sow-fab\" data-sow-icon=\"&#xf281;\"\n\t\tstyle=\"color: #ffffff\" \n\t\taria-hidden=\"true\"><\/span>\n\t\t\tFULL PROGRAM\t\t<\/span>\n\t\t\t<\/a>\n\t<\/div>\n<\/div><\/div><\/div><div id=\"pgc-3247-0-2\"  class=\"panel-grid-cell\" ><div id=\"panel-3247-0-2-0\" class=\"so-panel widget widget_sow-button panel-first-child panel-last-child\" data-index=\"1\" ><div\n\t\t\t\n\t\t\tclass=\"so-widget-sow-button so-widget-sow-button-wire-85edd24cf70e-3247\"\n\t\t\t\n\t\t><div class=\"ow-button-base ow-button-align-center\"\n>\n\t\t\t<a\n\t\t\t\t\thref=\"https:\/\/link.springer.com\/book\/10.1007\/978-3-030-24741-6\"\n\t\t\t\t\tclass=\"sowb-button ow-icon-placement-left ow-button-hover\" \t>\n\t\t<span>\n\t\t\t<span class=\"sow-icon-fontawesome sow-fab\" data-sow-icon=\"&#xf281;\"\n\t\tstyle=\"color: #ffffff\" \n\t\taria-hidden=\"true\"><\/span>\n\t\t\tCONFERENCE PROCEEDINGS!\t\t<\/span>\n\t\t\t<\/a>\n\t<\/div>\n<\/div><\/div><\/div><\/div><div id=\"pg-3247-1\"  class=\"panel-grid panel-no-style\" ><div id=\"pgc-3247-1-0\"  class=\"panel-grid-cell\" ><div id=\"panel-3247-1-0-0\" class=\"so-panel widget widget_sow-editor panel-first-child panel-last-child\" data-index=\"2\" ><div\n\t\t\t\n\t\t\tclass=\"so-widget-sow-editor so-widget-sow-editor-base\"\n\t\t\t\n\t\t>\n<div class=\"siteorigin-widget-tinymce textwidget\">\n\t<h4 class=\"p1\"><span class=\"s1\" style=\"color: #e0512d;\">ORAL PRESENTATIONS<\/span><\/h4>\n<p class=\"p2\"><span class=\"s1\">\u00a0<\/span><\/p>\n<p class=\"p3\"><span class=\"s2\"><b><span style=\"color: #e0512d;\">2.<\/span>\u00a0<\/b><\/span><b>Characterization of biomimetic peristaltic pumping system based on flexible silicone soft robotic actuators as an alternative for technical pumps<\/b><span class=\"s3\"><br \/>\n<\/span><span class=\"s4\"><i>Falk Esser, Friederike Kr\u00fcger, Tom Masselter, Thomas Speck<\/i><\/span><\/p>\n<p class=\"p4\"><span class=\"s5\" style=\"color: #e0512d;\"><b>3.<\/b><\/span><span class=\"s6\"><b>\u00a0Adaptive biomimetic actuator systems reacting to various stimuli by and combining two biological snap-trap mechanics.<\/b><\/span><span class=\"s7\"><br \/>\n<\/span><span class=\"s6\"><i>Falk Esser, Frank D. Scherag, Simon Poppinga, Anna Westermeier, Max D. Mylo, Tim Kampowski, Georg Bold, J\u00fcrgen R\u00fche, Thomas Speck<\/i><\/span><\/p>\n<p class=\"p4\"><span class=\"s5\" style=\"color: #e0512d;\"><b>5.<\/b><\/span><span class=\"s6\"><b>\u00a0Feed-forward selection of cerebellar models for calibration of robot sound source localization.<\/b>\u00a0<\/span><span class=\"s7\"><br \/>\n<\/span><span class=\"s6\"><i>Mark Baxendale, Mokhtar Nibouche, Emanuele Lindo Secco, Tony Pipe, Martin Pearson<\/i><\/span><\/p>\n<p class=\"p4\"><span class=\"s5\" style=\"color: #e0512d;\"><b>6.<\/b><\/span><span class=\"s6\"><b> Insect behavior as high-sensitive olfactory sensor for robotic odor tracking.<\/b><\/span><span class=\"s7\"><br \/>\n<\/span><span class=\"s6\"><i>Junji Horibe, Noriyasu Ando, Ryohei Kanzaki<\/i><\/span><\/p>\n<p class=\"p4\"><span class=\"s5\" style=\"color: #e0512d;\"><b>8.<\/b><\/span><span class=\"s6\"><b>\u00a0Highly-integrated muscle-spindles for pneumatic artificial muscles made from conductive fabrics.<\/b><\/span><span class=\"s7\"><br \/>\n<\/span><span class=\"s6\"><i>Arne Hitzmann, Shuhei Ikemoto, Koh Hosoda<\/i><\/span><\/p>\n<p class=\"p4\"><span class=\"s5\" style=\"color: #e0512d;\"><b>9.<\/b><\/span><span class=\"s6\"><b>\u00a0Chemotaxis Based Virtual Fence for Swarm Robots in Unbounded Environments.<\/b><\/span><span class=\"s7\"><br \/>\n<\/span><span class=\"s6\"><i>Simon Obute, Mehmet Dogar, Jordan Boyle<\/i><\/span><\/p>\n<p class=\"p4\"><span class=\"s5\" style=\"color: #e0512d;\"><b>14.<\/b><\/span><span class=\"s6\"><b>\u00a0Measuring the Effectiveness of Biomimetic Robots as Therapeutic Tools: Translating the Felt Security Scale from English to Japanese.<\/b><\/span><span class=\"s7\"><br \/>\n<\/span><span class=\"s6\"><i>Emily Collins, Tony Prescott, Yoichiro Yoshikawa, Hiroshi Ishiguro<\/i><\/span><\/p>\n<p class=\"p4\"><span class=\"s5\" style=\"color: #e0512d;\"><b>16.<\/b><\/span><span class=\"s6\"><b>\u00a0Robots That Imagine: Can Hippocampal Replay be Utilized for Robotic Mnemonics?.<\/b><\/span><span class=\"s1\"><b><br \/>\n<\/b><\/span><span class=\"s6\"><i>Matthew Whelan, Eleni Vasilaki, Tony Prescott<\/i><\/span><\/p>\n<p class=\"p4\"><span class=\"s5\" style=\"color: #e0512d;\"><b>17.<\/b><\/span><span class=\"s6\"><b>\u00a0Drosophibot: A Fruit Fly Inspired Bio-Robot.<\/b>\u00a0<\/span><span class=\"s7\"><br \/>\n<\/span><span class=\"s6\"><i>Clarissa Goldsmith, Nicholas Szczecinski, Roger Quinn<\/i><\/span><\/p>\n<p class=\"p4\"><span class=\"s5\" style=\"color: #e0512d;\"><b>19.<\/b><\/span><span class=\"s6\"><b>\u00a0Affective visuomotor interaction: a functional model for socially competent robot grasping.<\/b>\u00a0<\/span><span class=\"s7\"><br \/>\n<\/span><span class=\"s6\"><i>Eris Chinellato, Gabriele Ferretti, Lucy Irving<\/i><\/span><\/p>\n<p class=\"p4\"><span class=\"s5\" style=\"color: #e0512d;\"><b>20.<\/b><\/span><span class=\"s6\"><b><span style=\"color: #e0512d;\">\u00a0<\/span>Speedy Whegs Climbs Obstacles Slowly and Runs at 44 km\/hour.<\/b>\u00a0<\/span><span class=\"s7\"><br \/>\n<\/span><span class=\"s6\"><i>William Breckwoldt, Richard Bachmann, Ronald Leibach, Roger Quinn<\/i><\/span><\/p>\n<p class=\"p4\"><span class=\"s2\" style=\"color: #e0512d;\"><b>21.<\/b><\/span><span class=\"s6\"><b>\u00a0Design of a Canine Inspired Quadruped Robot as a Platform for Synthetic Neural Network Control.<\/b>\u00a0<\/span><span class=\"s7\"><br \/>\n<\/span><span class=\"s6\"><i>Cody Scharzenberger, Jonas Mendoza, Alexander Huntn<\/i><\/span><\/p>\n<p class=\"p4\"><span class=\"s5\" style=\"color: #e0512d;\"><b>23.<\/b><\/span><span class=\"s6\"><b>\u00a0Crab-like Hexapod Feet for Amphibious Walking in Sand and Waves.<\/b><\/span><span class=\"s7\"><br \/>\n<\/span><span class=\"s6\"><i>Nicole Graf, Alexander Behr, Kathryn Daltoriot<\/i><\/span><\/p>\n<p class=\"p4\"><span class=\"s5\" style=\"color: #e0512d;\"><b>24.<\/b><\/span><span class=\"s6\"><b>\u00a0Foveated image processing for faster object detection and recognition in embedded systems using deep convolutional neural networks.<\/b><\/span><span class=\"s7\"><br \/>\n<\/span><span class=\"s6\"><i>Uziel Jaramillo Avila, Sean Anderson<\/i><\/span><\/p>\n<p class=\"p4\"><span class=\"s5\" style=\"color: #e0512d;\"><b>25.<\/b><\/span><span class=\"s6\"><b>\u00a0Tuning a robot servomotor to exhibit muscle-like dynamics.<\/b>\u00a0<\/span><span class=\"s7\"><br \/>\n<\/span><span class=\"s6\"><i>Nicholas Szczecinski, Clarissa Goldsmith, Fletcher Young, Roger Quinn<\/i><\/span><\/p>\n<p class=\"p4\"><span class=\"s5\" style=\"color: #e0512d;\"><b>26.<\/b><\/span><span class=\"s6\"><b>\u00a0Rose-inspired micro-device with variable stiffness for remotely controlled release of objects in robotics.<\/b><\/span><span class=\"s7\"><br \/>\n<\/span><span class=\"s6\"><i>Isabella Fiorello, Fabian Meder, Omar Tricinci, Carlo Filippeschi, Barbara Mazzolai<\/i><\/span><\/p>\n<p class=\"p4\"><span class=\"s5\" style=\"color: #e0512d;\"><b>20.<\/b><\/span><span class=\"s6\"><b>\u00a0Heads or Tails? Cranio-Caudal Mass Distribution for Robust Locomotion with Soft Biorobotic Appendages.<\/b><\/span><span class=\"s1\"><br \/>\n<\/span><span class=\"s6\"><i>Robert Siddall, Jenny Michel, Fabian Schwab, James Weaver, Ardian Jusufi<\/i><\/span><\/p>\n<p class=\"p4\"><span class=\"s5\" style=\"color: #e0512d;\"><b>31.<\/b><\/span><span class=\"s6\"><b>\u00a0MiniBee: a Minature MAV for the Biomimetic Embodiment of Insect Brain Models.<\/b><\/span><span class=\"s7\"><br \/>\n<\/span><span class=\"s6\"><i>Chujun Liu, Andrew Lonsberry, Mark Nandor, Roger Quinn<\/i><\/span><\/p>\n<p class=\"p4\"><span class=\"s5\" style=\"color: #e0512d;\"><b>33.<\/b><\/span><span class=\"s6\"><b>\u00a0Bio-inspired Stochastic Growth and Initialization for Artificial Neural Networks<\/b>.<\/span><span class=\"s7\"><br \/>\n<\/span><span class=\"s6\"><i>Kevin Dai, Amir Barati Farimani, Victoria Webster-Wood<\/i><\/span><\/p>\n<p class=\"p4\"><span class=\"s5\" style=\"color: #e0512d;\"><b>34.<\/b><\/span><span class=\"s6\"><b>\u00a0A Robust and Efficient Cooler Design Inspired by Leaf Venation.<\/b><\/span><span class=\"s7\"><br \/>\n<\/span><span class=\"s6\"><i>Houpu Yao, Rui Dai, Hamidreza Marvi<\/i><\/span><\/p>\n<p class=\"p4\"><span class=\"s5\" style=\"color: #e0512d;\"><b>36.<\/b><\/span><span class=\"s6\"><b>\u00a0Automatic Calibration of Artificial Neural Networks for Zebrafish Collective Behaviours using a Quality Diversity Algorithm.<\/b><\/span><span class=\"s7\"><br \/>\n<\/span><span class=\"s8\"><i>Leo Cazenille, Jos\u00e9 Halloy, Nicolas Bredeche<\/i><\/span><\/p>\n<p class=\"p5\"><span class=\"s9\" style=\"color: #e0512d;\"><b>38.<\/b><\/span><span class=\"s10\"><b>\u00a0Robotic Simulator of Vocal Fold Paralysis.<\/b><\/span><span class=\"s1\"><br \/>\n<\/span><span class=\"s6\"><i>Maria Elena Giannaccini, Andrew Hinitt, Edward Gough, Andrew Stinchcombe, Keren Yue, Andrew Conn, Jonathan Rossiter<\/i><\/span><\/p>\n<p class=\"p4\"><span class=\"s2\" style=\"color: #e0512d;\"><b>40.<\/b><\/span><span class=\"s6\"><b>\u00a0Design, optimization, and characterization of bio-hybrid actuators based on 3D-bioprinted skeletal muscle tissue.<\/b><\/span><span class=\"s7\"><br \/>\n<\/span><span class=\"s8\"><i>Rafael Mestre, Tania Pati\u00f1o, Maria Guix, Xavier Barcel\u00f3, Samuel S\u00e1nchez<\/i><\/span><\/p>\n<p class=\"p6\"><span class=\"s9\" style=\"color: #e0512d;\"><b>45.<\/b><\/span><span class=\"s10\"><b>\u00a0Manufacturing Artificial Wings Based on the Manduca sexta Hawkmoth.<\/b><\/span><span class=\"s1\"><br \/>\n<\/span><span class=\"s6\"><i>Matthias Weisfeld, Kenneth Moses, David Prigg, Richard Bachmann, Mark Willis, Roger Quinn<\/i><\/span><\/p>\n<p class=\"p4\">\n<\/div>\n<\/div><\/div><\/div><div id=\"pgc-3247-1-1\"  class=\"panel-grid-cell\" ><div id=\"panel-3247-1-1-0\" class=\"so-panel widget widget_sow-editor panel-first-child panel-last-child\" data-index=\"3\" ><div\n\t\t\t\n\t\t\tclass=\"so-widget-sow-editor so-widget-sow-editor-base\"\n\t\t\t\n\t\t>\n<div class=\"siteorigin-widget-tinymce textwidget\">\n\t<h4 class=\"p1\"><span class=\"s1\" style=\"color: #d4390b;\">POSTER PRESENTATIONS\u00a0<\/span><\/h4>\n<p class=\"p2\"><span class=\"s1\">\u00a0<\/span><\/p>\n<p class=\"p4\"><span class=\"s5\" style=\"color: #e0512d;\"><b>1.<\/b><\/span><span class=\"s6\"><b>\u00a03D Movement of Snake Robot Driven by Tegotae-based Control.<\/b><\/span><span class=\"s7\"><br \/>\n<\/span><span class=\"s6\"><i>Takeshi Kano, Naoki Matsui, Akio Ishiguro<\/i><\/span><\/p>\n<p class=\"p4\"><span class=\"s5\" style=\"color: #e0512d;\"><b>4.<\/b><\/span><span class=\"s6\"><b>\u00a0Auditory-visual virtual reality for the study of multisensory integration in insect navigation.<\/b><\/span><span class=\"s7\"><br \/>\n<\/span><span class=\"s6\"><i>Koki Makino, Noriyasu Ando, Hisashi Shidara, Naoto Hommaru, Ryohei Kanzaki, Hiroto Ogawa<\/i><\/span><\/p>\n<p class=\"p4\"><span class=\"s5\" style=\"color: #e0512d;\"><b>7.<\/b><\/span><span class=\"s6\"><b>\u00a0Learning in Growing Robots: Knowledge Transfer from Tadpole to Frog Robot.<\/b>\u00a0<\/span><span class=\"s7\"><br \/>\n<\/span>Yiheng Zhu, Jonathan Rossiter, Helmut Hauser<\/p>\n<p class=\"p4\"><span class=\"s5\" style=\"color: #e0512d;\"><b>10.<\/b><\/span><span class=\"s6\"><b>\u00a0Towards a Temperature Responsive Pinecone Inspired Actuator Using Silicone Encapsulated Hydrogels.<\/b>\u00a0<\/span><span class=\"s7\"><br \/>\n<\/span>Nickolas Walling, Hemma Philamore, Kira Landenberger, Fumitoshi Matsuno<\/p>\n<p class=\"p4\"><span class=\"s5\" style=\"color: #e0512d;\"><b>11.<\/b><\/span><span class=\"s6\"><b>\u00a0Bayesian Optimization of a Quadruped Robot During 3-Dimensional Locomotion.<\/b><\/span><span class=\"s7\"><br \/>\n<\/span><span class=\"s6\"><i>Jiahui Zhu, Shuting Li, Zhuoli Wang, Andre Rosendo<\/i><\/span><\/p>\n<p class=\"p4\"><span class=\"s2\" style=\"color: #e0512d;\"><b>12.<\/b><\/span><span class=\"s6\"><b>\u00a0Development of Omnidirectional Mobile Treadmill for Neuroethology.<\/b><\/span><span class=\"s7\"><br \/>\n<\/span><span class=\"s6\"><i>Shunsuke Shigaki, Kazushi Sanada, Daisuke Kurabayashi<\/i><\/span><\/p>\n<p class=\"p4\"><span class=\"s5\" style=\"color: #e0512d;\"><b>15.<\/b><\/span><span class=\"s6\"><b>\u00a0Cellular level analysis of the locomotor neural circuits in Drosophila melanogaster.<\/b><\/span><span class=\"s7\"><br \/>\n<\/span><span class=\"s6\"><i>Ryo Minegishi, Kai Feng, Barry Dickson<\/i><\/span><\/p>\n<p class=\"p4\"><span class=\"s5\" style=\"color: #e0512d;\"><b>18.<\/b><\/span><span class=\"s6\"><b>\u00a0Analyzing the Interplay Between Local CPG Activity and Sensory Signals for Inter-leg Coordination in Drosophila.<\/b><\/span><span class=\"s7\"><br \/>\n<\/span><span class=\"s6\"><i>William Nourse, Nicholas Szczecinski, Moritz Haustein, Till Bockemuehl, Ansgar Bueschges, Roger Quinn<\/i><\/span><\/p>\n<p class=\"p4\"><span class=\"s5\" style=\"color: #e0512d;\"><b>22.<\/b><\/span><span class=\"s6\"><b>\u00a0Determination of Artificial Muscle Placement for Biomimetic Humanoid Robot Legs.\u00a0<\/b><\/span><span class=\"s7\"><br \/>\n<\/span><span class=\"s6\"><i>Ben Bolen, Alexander Hunt<\/i><\/span><\/p>\n<p class=\"p4\"><span class=\"s5\" style=\"color: #e0512d;\"><b>27.<\/b><\/span><span class=\"s6\"><b>\u00a0Brainless Quasi-Quadruped Robot Resembling Spinal Reflex and Force-Velocity Relationship of Muscles.<\/b><\/span><span class=\"s7\"><br \/>\n<\/span><span class=\"s6\"><i>Yoichi Masuda, Masato Ishikawa, Akio Ishiguro<\/i><\/span><\/p>\n<p class=\"p4\"><span class=\"s5\" style=\"color: #e0512d;\"><b>28.<\/b><\/span><span class=\"s6\"><b>\u00a0Evaluation of 3D-Bioprinted Materials and Culture Methods Toward Actuator Driven by Skeletal Muscle Cells.<\/b><\/span><span class=\"s7\"><br \/>\n<\/span><span class=\"s6\"><i>Naoki Yamada, Masahiro Shimizu, Takuya Umedachi, Toshihiro Ogura, Koh Hosoda<\/i><\/span><\/p>\n<p class=\"p4\"><span class=\"s5\" style=\"color: #e0512d;\"><b>32.<\/b><\/span><span class=\"s6\"><b>\u00a0Exploring the potential of the animal-like robot MiRo as a therapeutic tool for children diagnosed with autism.\u00a0<\/b><\/span><span class=\"s7\"><br \/>\n<\/span><span class=\"s6\"><i>Maria Panagiotidi, Simon Wilson, Tony Prescott<\/i><\/span><\/p>\n<p class=\"p4\"><span class=\"s5\" style=\"color: #e0512d;\"><b>35.<\/b><\/span><span class=\"s6\"><b>\u00a0Using Two IMU Sensors to Simulate Lower Body Stance.<\/b>\u00a0<\/span><span class=\"s7\"><br \/>\n<\/span><span class=\"s6\"><i>Connor Morrow, Remigius Stecher, Alexander Hunt<\/i><\/span><\/p>\n<p class=\"p4\"><span class=\"s5\" style=\"color: #e0512d;\"><b>37.<\/b><\/span><span class=\"s6\"><b>\u00a0A window into the robot 'mind': Using a graphical real-time display to provide transparency of function in a brain-based robot.<\/b><\/span><span class=\"s7\"><br \/>\n<\/span><span class=\"s6\"><i>David Buxton, Hamideh Kerdegari, Saeid Mokaram, Ben Mitchinson, Tony Prescott<\/i><\/span><\/p>\n<p class=\"p4\"><span class=\"s5\"><span style=\"color: #e0512d;\"><b>39.<\/b><\/span>\u00a0<\/span><span class=\"s6\"><b>Hierarchical behaviour for object shape recognition using a swarm of robots.<\/b><\/span><span class=\"s7\"><br \/>\n<\/span><span class=\"s6\"><i>Adrian Rubio-Solis, Uriel Martinez-Hernandez<\/i><\/span><\/p>\n<p class=\"p4\"><span class=\"s5\" style=\"color: #e0512d;\"><b>41.<\/b><\/span><span class=\"s6\"><b>\u00a0Towards psychologically plausible robots: evaluation of the iCub\u2019s facial expressions.<\/b>\u00a0<\/span><span class=\"s7\"><br \/>\n<\/span><span class=\"s6\"><i>Vasiliki Vouloutsi, Klaudia Grechuta, Paul Verschure<\/i><\/span><\/p>\n<p class=\"p4\"><span class=\"s5\" style=\"color: #e0512d;\"><b>43.<\/b><\/span><span class=\"s6\"><b><span style=\"color: #e0512d;\">\u00a0<\/span>Robust Postural Stabilization with a Biomimetic Control Architecture<\/b><\/span><span class=\"s1\"><b><br \/>\n<\/b><\/span><span class=\"s6\"><i>Adri\u00e1n Fern\u00e1ndez Amil, giovanni maffei, Jordi-Ysard Puigb\u00f2 Llobet, Xerxes Arsiwalla, Paul Verschure<\/i><\/span><\/p>\n<p class=\"p4\"><span class=\"s5\" style=\"color: #e0512d;\"><b>44.<\/b><\/span><span class=\"s6\"><b>\u00a0Latent Morality in Algorithms and Machines.<\/b><\/span><span class=\"s7\"><br \/>\n<\/span><span class=\"s6\"><i>Xerxes Arsiwalla, Ismael Tito Freire Gonz\u00e1lez, Vasiliki Vouloutsi, Paul Verschure<\/i><\/span><\/p>\n<\/div>\n<\/div><\/div><\/div><div id=\"pgc-3247-1-2\"  class=\"panel-grid-cell\" ><div id=\"panel-3247-1-2-0\" class=\"so-panel widget widget_sow-editor panel-first-child\" data-index=\"4\" ><div\n\t\t\t\n\t\t\tclass=\"so-widget-sow-editor so-widget-sow-editor-base\"\n\t\t\t\n\t\t>\n<div class=\"siteorigin-widget-tinymce textwidget\">\n\t<h4><span style=\"color: #1ac7dd;\">Spotlight Presentations <\/span><\/h4>\n<p><a href=\"http:\/\/livingmachinesconference.eu\/2019\/wp-content\/uploads\/2019\/06\/LM2019-Digest-Template.ppt\">LM2019-Digest-Template<\/a><\/p>\n<\/div>\n<\/div><\/div><div id=\"panel-3247-1-2-1\" class=\"so-panel widget widget_sow-editor panel-last-child\" data-index=\"5\" ><div\n\t\t\t\n\t\t\tclass=\"so-widget-sow-editor so-widget-sow-editor-base\"\n\t\t\t\n\t\t>\n<div class=\"siteorigin-widget-tinymce textwidget\">\n\t<p>All accepted papers and extended abstracts will appear in\u00a0the Living Machines 2019 proceedings which we expect to be published in the<br \/>\n<a href=\"http:\/\/www.springer.com\/series\/1244\">Springer-Verlag LNAI Series<\/a>. \u00a0<a href=\"http:\/\/livingmachinesconference.eu\/2019\/wp-content\/uploads\/2017\/01\/Springer_Logo.jpg\"><img loading=\"lazy\" class=\"alignnone wp-image-2978\" src=\"http:\/\/livingmachinesconference.eu\/2019\/wp-content\/uploads\/2017\/01\/Springer_Logo-300x82.jpg\" alt=\"\" width=\"126\" height=\"31\" \/><\/a><\/p>\n<\/div>\n<\/div><\/div><\/div><\/div><\/div>","protected":false},"excerpt":{"rendered":"<p>ORAL PRESENTATIONS \u00a0 2.\u00a0Characterization of biomimetic peristaltic pumping system based on flexible silicone soft robotic actuators as an alternative for technical pumps Falk Esser, Friederike Kr\u00fcger, Tom Masselter, Thomas Speck 3.\u00a0Adaptive biomimetic actuator systems reacting to various stimuli by and combining two biological snap-trap mechanics. Falk Esser, Frank D. Scherag, Simon Poppinga, Anna Westermeier, Max&#8230;<\/p>\n","protected":false},"author":2,"featured_media":0,"parent":2763,"menu_order":0,"comment_status":"closed","ping_status":"closed","template":"","meta":{"_monsterinsights_skip_tracking":false,"_monsterinsights_sitenote_active":false,"_monsterinsights_sitenote_note":"","_monsterinsights_sitenote_category":0},"_links":{"self":[{"href":"https:\/\/livingmachinesconference.eu\/2019\/wp-json\/wp\/v2\/pages\/3247"}],"collection":[{"href":"https:\/\/livingmachinesconference.eu\/2019\/wp-json\/wp\/v2\/pages"}],"about":[{"href":"https:\/\/livingmachinesconference.eu\/2019\/wp-json\/wp\/v2\/types\/page"}],"author":[{"embeddable":true,"href":"https:\/\/livingmachinesconference.eu\/2019\/wp-json\/wp\/v2\/users\/2"}],"replies":[{"embeddable":true,"href":"https:\/\/livingmachinesconference.eu\/2019\/wp-json\/wp\/v2\/comments?post=3247"}],"version-history":[{"count":111,"href":"https:\/\/livingmachinesconference.eu\/2019\/wp-json\/wp\/v2\/pages\/3247\/revisions"}],"predecessor-version":[{"id":5162,"href":"https:\/\/livingmachinesconference.eu\/2019\/wp-json\/wp\/v2\/pages\/3247\/revisions\/5162"}],"up":[{"embeddable":true,"href":"https:\/\/livingmachinesconference.eu\/2019\/wp-json\/wp\/v2\/pages\/2763"}],"wp:attachment":[{"href":"https:\/\/livingmachinesconference.eu\/2019\/wp-json\/wp\/v2\/media?parent=3247"}],"curies":[{"name":"wp","href":"https:\/\/api.w.org\/{rel}","templated":true}]}}