{"id":3188,"date":"2017-06-04T18:44:14","date_gmt":"2017-06-04T18:44:14","guid":{"rendered":"http:\/\/livingmachinesconference.eu\/2019\/?page_id=3188"},"modified":"2019-07-11T04:23:45","modified_gmt":"2019-07-11T03:23:45","slug":"program","status":"publish","type":"page","link":"https:\/\/livingmachinesconference.eu\/2019\/biomimetics-biohybrids\/program\/","title":{"rendered":"PROGRAM"},"content":{"rendered":"<div id=\"pl-3188\"  class=\"panel-layout\" ><div id=\"pg-3188-0\"  class=\"panel-grid panel-no-style\" ><div id=\"pgc-3188-0-0\"  class=\"panel-grid-cell\" ><div id=\"panel-3188-0-0-0\" class=\"so-panel widget widget_sow-editor panel-first-child\" data-index=\"0\" ><div\n\t\t\t\n\t\t\tclass=\"so-widget-sow-editor so-widget-sow-editor-base\"\n\t\t\t\n\t\t><h3 class=\"widget-title\">CONFERENCE<\/h3>\n<div class=\"siteorigin-widget-tinymce textwidget\">\n\t<p><span style=\"font-size: 18px; color: #e0512d;\">July 10-12\u00a0\u00a0<\/span><span style=\"font-size: 18px;\">9:00\u00a0 \u2013 18:00\u00a0 \u00a0<\/span><br \/>\n<span style=\"font-size: 18px;\">The <strong>Conference<\/strong>\u00a0and Poster Session will take place at the <strong>Kasugano International Forum in Nara,\u00a0<\/strong>Japan.\u00a0<a href=\"http:\/\/www.i-ra-ka.jp\/en\/\">www.i-ra-ka.jp\/en\/<\/a><\/span><\/p>\n<\/div>\n<\/div><\/div><div id=\"panel-3188-0-0-1\" class=\"so-panel widget widget_sow-button panel-last-child\" data-index=\"1\" ><div\n\t\t\t\n\t\t\tclass=\"so-widget-sow-button so-widget-sow-button-wire-85edd24cf70e-3188\"\n\t\t\t\n\t\t><div class=\"ow-button-base ow-button-align-center\"\n>\n\t\t\t<a\n\t\t\t\t\thref=\"https:\/\/link.springer.com\/book\/10.1007\/978-3-030-24741-6\"\n\t\t\t\t\tclass=\"sowb-button ow-icon-placement-left ow-button-hover\" \t>\n\t\t<span>\n\t\t\t<span class=\"sow-icon-fontawesome sow-fab\" data-sow-icon=\"&#xf281;\"\n\t\tstyle=\"color: #ffffff\" \n\t\taria-hidden=\"true\"><\/span>\n\t\t\tCONFERENCE PROCEEDINGS!\t\t<\/span>\n\t\t\t<\/a>\n\t<\/div>\n<\/div><\/div><\/div><\/div><div id=\"pg-3188-1\"  class=\"panel-grid panel-no-style\" ><div id=\"pgc-3188-1-0\"  class=\"panel-grid-cell\" ><div id=\"panel-3188-1-0-0\" class=\"so-panel widget widget_sow-editor panel-first-child panel-last-child\" data-index=\"2\" ><div\n\t\t\t\n\t\t\tclass=\"so-widget-sow-editor so-widget-sow-editor-base\"\n\t\t\t\n\t\t>\n<div class=\"siteorigin-widget-tinymce textwidget\">\n\t<p><span style=\"font-size: 20px;\"><strong><span style=\"color: #e0512d;\">July 10<\/span><\/strong><\/span><\/p>\n<p><strong>9:00 REGISTRATION\u00a0<\/strong><\/p>\n<p><strong>9:20-9:30<\/strong> <strong>- <\/strong><span style=\"color: #e0512d;\">WELCOME<\/span><br \/>\n<strong>9:30 - 10:30<\/strong> -<strong><span style=\"font-size: 16px;\">PLENARY TALK\u00a0\u00a0<a href=\"http:\/\/livingmachinesconference.eu\/2019\/plenarytalks\/\">MICHAEL MILFORD\u00a0<\/a><\/span><\/strong><br \/>\nNavigation, neuroscience and neural networks: a quest to understand intelligence and build better technology for robots and autonomous vehicles.<\/p>\n<p><span style=\"color: #e0512d;\"><em><span style=\"font-size: 20px;\">Animals inspired systems <\/span><\/em><\/span><\/p>\n<p><strong>10:30 - 10:50<\/strong> Drosophibot: a fruit fly inspired bio-robot.\u00a0<span style=\"color: #808080;\"><em>Clarissa Goldsmith, Nicholas Szczecinski, Roger Quinn<\/em><\/span><\/p>\n<p><strong>10:50 - 11:10<\/strong> Design of a canine inspired quadruped robot as a platform for synthetic neural network control.\u00a0<span style=\"color: #808080;\"><em>Cody Scharzenberger, Jonas Mendoza, Alexander Hunt<\/em><\/span><\/p>\n<p><strong>11:10 - 11:30<\/strong>\u00a0<span style=\"color: #000000;\">Coffee break<\/span><\/p>\n<p><strong>11:30 - 11:50<\/strong> Crab-like hexapod feet for amphibious walking in sand and waves.\u00a0<span style=\"color: #808080;\"><em>Nicole Graf, Alexander Behr, Kathryn Daltorio<\/em><\/span><\/p>\n<p><span style=\"color: #e0512d;\"><em><span style=\"font-size: 20px;\">Locomotion and kinematics\u00a0<\/span><\/em><\/span><\/p>\n<p><strong>11:50 - 12:10<\/strong> Heads or tails? Cranio-caudal mass distribution for robust locomotion with soft biorobotic appendages.\u00a0<span style=\"color: #808080;\"><em>Robert Siddall, Jenny Michel, Fabian Schwab, James Weaver, Ardian Jusufi<\/em><\/span><\/p>\n<p><strong>12:10 - 12:30<\/strong> Speedy whegs climbs obstacles slowly and runs at 44 km\/hour.\u00a0<span style=\"color: #808080;\"><em>William Breckwoldt, Richard Bachmann, Ronald Leibach, Roger Quinn<\/em><\/span><\/p>\n<p><strong>12:30 - 13:00<\/strong> <strong>Poster Spotlight session 1<\/strong><\/p>\n<p><strong>13:00 -15:00<\/strong> <span style=\"color: #000000;\">Lunch break<\/span><\/p>\n<p><span style=\"color: #e0512d;\"><em><span style=\"font-size: 20px;\">Collective and distributed robotics<\/span><\/em><\/span><\/p>\n<p><strong>15:00 -15:20<\/strong> Chemotaxis based virtual fence for swarm robots in unbounded environments.\u00a0<span style=\"color: #808080;\"><em>Simon Obute, Mehmet Dogar, Jordan Boyle<\/em><\/span><\/p>\n<p><strong>15:20 - 15:40<\/strong> Automatic calibration of artificial neural networks for zebrafish collective behaviours using a quality diversity algorithm.\u00a0<span style=\"color: #808080;\"><em>Leo Cazenille, Jos\u00e9 Halloy, Nicolas Bredeche<\/em><\/span><\/p>\n<p><strong>15:40 - 16:00<\/strong> <strong>Poster Spotlight session 2<\/strong><\/p>\n<p style=\"text-align: left;\"><strong>16:00 -17:00<\/strong> -\u00a0<span style=\"font-size: 18px;\"><strong><span style=\"font-size: 16px;\">PLENARY TALK\u00a0 <a href=\"http:\/\/livingmachinesconference.eu\/2019\/plenarytalks\/\">ANDRE VAN SCHAIK\u00a0<\/a><\/span><\/strong><\/span><br \/>\nNeuromorphic Engineering: the nervous system for living machines?<\/p>\n<p><strong>18:30 - 20:00 <\/strong><span style=\"font-size: 16px; color: #e0512d;\"><span style=\"font-size: 18px;\">COCKTAIL<\/span><\/span><\/p>\n<\/div>\n<\/div><\/div><\/div><div id=\"pgc-3188-1-1\"  class=\"panel-grid-cell\" ><div id=\"panel-3188-1-1-0\" class=\"so-panel widget widget_sow-editor panel-first-child panel-last-child\" data-index=\"3\" ><div\n\t\t\t\n\t\t\tclass=\"so-widget-sow-editor so-widget-sow-editor-base\"\n\t\t\t\n\t\t>\n<div class=\"siteorigin-widget-tinymce textwidget\">\n\t<p><span style=\"font-size: 20px;\"><strong><span style=\"color: #e0512d;\">July 11<\/span><\/strong><\/span><\/p>\n<p>&nbsp;<\/p>\n<p><strong>9:00 -10:00\u00a0<\/strong>\u00a0<strong><span style=\"font-size: 16px;\">PLENARY TALK\u00a0<a href=\"http:\/\/livingmachinesconference.eu\/2019\/plenarytalks\/\"> HIROSHI ISHIGURO<\/a><\/span><\/strong><br \/>\nStudies on interactive robots.<\/p>\n<p><span style=\"color: #e0512d;\"><em><span style=\"font-size: 20px;\">Animal-inspired systems<\/span><\/em><\/span><\/p>\n<p><strong>10:00 - 10:20<\/strong> MiniBee: a miniature MAV for the biomimetic embodiment of insect brain models.\u00a0<span style=\"color: #808080;\"><em>Alex Cope, Ali Ahmed, Fadl Isa, James Marshall<\/em><\/span><\/p>\n<p><strong>10:20 - 10:40<\/strong> Measuring the effectiveness of biomimetic robots as therapeutic tools: translating the felt security scale from English to Japanese.\u00a0<span style=\"color: #808080;\"><em>Emily Collins, Tony Prescott, Yoichiro Yoshikawa, Hiroshi Ishiguro<\/em><\/span><\/p>\n<p><strong>10:40 - 11:00<\/strong> Manufacturing Artificial Wings Based on the Manduca sexta Hawkmoth.\u00a0<span style=\"color: #808080;\"><em>Matthias Weisfeld, Kenneth Moses, David Prigg, Richard Bachmann, Mark Willis, Roger Quinn<\/em><\/span><\/p>\n<p><strong>11:00 - 11:30<\/strong> Coffee break<\/p>\n<p><span style=\"color: #e0512d;\"><em><span style=\"font-size: 20px;\">Computational intelligence for bioinspired systems<\/span><\/em><\/span><\/p>\n<p><strong>11:30 - 11:50<\/strong> Foveated image processing for faster object detection and recognition in embedded systems using deep convolutional neural networks.\u00a0<span style=\"color: #808080;\"><em>Uziel Jaramillo Avila, Sean Anderson<\/em><\/span><\/p>\n<p><strong>11:50 - 12:10<\/strong> Bio-inspired stochastic growth and initialization for artificial neural networks.\u00a0<span style=\"color: #808080;\"><em>Kevin Dai, Amir Barati Farimani, Victoria Webster-Wood<\/em><\/span><\/p>\n<p><strong>12:10-12:15<\/strong> Cellink on Bioprinting<\/p>\n<p><strong>12:15 - 12:50<\/strong><strong>\u00a0<span style=\"color: #e0512d;\">Poster Session<\/span><\/strong><\/p>\n<p><strong>13:00 -15:00<\/strong> Lunch break<\/p>\n<p><strong>15:00 -15:20\u00a0<\/strong><span style=\"color: #e0512d;\"><strong>Poster Session<\/strong><\/span><\/p>\n<p><span style=\"color: #e0512d;\"><em><span style=\"font-size: 20px;\">Biomimetics and Biohybrid systems <\/span><\/em><\/span><\/p>\n<p><strong>15:20 - 15:40<\/strong> Affective visuomotor interaction: a functional model for socially competent robot grasping. <span style=\"color: #808080;\"><em>Eris Chinellato, Gabriele Ferretti, Lucy Irving<\/em><\/span><\/p>\n<p><strong>15:40 - 16:00<\/strong> Characterization of biomimetic peristaltic pumping system based on flexible silicone soft robotic actuators as an alternative for technical pumps.\u00a0<span style=\"color: #808080;\"><em>Falk Esser, Friederike Kr\u00fcger, Tom Masselter, Thomas Speck<\/em><\/span><\/p>\n<p><strong>16:00 - 16:20<\/strong>\u00a0A robust and efficient cooler design inspired by leaf venation.\u00a0<span style=\"color: #808080;\"><em>Houpu Yao, Rui Dai, Hamidreza Marvi<\/em><\/span><\/p>\n<p style=\"text-align: left;\"><strong>16:30 - 17:30 -\u00a0<\/strong><span style=\"font-size: 16px;\"><strong>PLENARY TALK\u00a0\u00a0<a href=\"http:\/\/livingmachinesconference.eu\/2019\/plenarytalks\/\">KOH HOSODA<\/a><\/strong><\/span><br \/>\nSoft Body as Source of Intelligence<\/p>\n<p><strong>18:30<\/strong> <span style=\"color: #e0512d;\">SOCIAL DINNER<\/span><\/p>\n<\/div>\n<\/div><\/div><\/div><div id=\"pgc-3188-1-2\"  class=\"panel-grid-cell\" ><div id=\"panel-3188-1-2-0\" class=\"so-panel widget widget_sow-editor panel-first-child panel-last-child\" data-index=\"4\" ><div\n\t\t\t\n\t\t\tclass=\"so-widget-sow-editor so-widget-sow-editor-base\"\n\t\t\t\n\t\t>\n<div class=\"siteorigin-widget-tinymce textwidget\">\n\t<p style=\"text-align: left;\"><span style=\"color: #000000;\"><strong><span style=\"font-size: 20px;\"><span style=\"color: #e0512d;\">July 12<\/span><\/span><\/strong><\/span><\/p>\n<p>&nbsp;<\/p>\n<p style=\"text-align: left;\"><strong>9:00 -10:00<\/strong> -<strong>\u00a0PLENARY TALK\u00a0<a href=\"http:\/\/livingmachinesconference.eu\/2019\/plenarytalks\/\">YUKIE NAGAI<\/a><\/strong><br \/>\nCognitive development in robots: a unified theory based on predictive coding.<\/p>\n<p><span style=\"color: #e0512d;\"><em><span style=\"font-size: 20px;\">Biomimetic\/biohybrid systems<\/span><\/em><\/span><\/p>\n<p><strong>10:00 - 10:20<\/strong> Robotic simulator of vocal fold paralysis.\u00a0<span style=\"color: #808080;\"><em>Maria Elena Giannaccini, Andrew Hinitt, Edward Gough, Andrew Stinchcombe, Keren Yue, Andrew Conn, Jonathan Rossiter<\/em><\/span><\/p>\n<p><strong>10:20 - 10:40<\/strong> Adaptive biomimetic actuator systems reacting to various stimuli by and combining two biological snap-trap mechanics.\u00a0<span style=\"color: #808080;\"><em>Falk Esser, Frank D. Scherag, Simon Poppinga, Anna Westermeier, Max D. Mylo, Tim Kampowski, Georg Bold, J\u00fcrgen R\u00fche, Thomas Speck<\/em><\/span><\/p>\n<p><strong>10:40 - 11:00<\/strong> Rose-inspired micro-device with variable stiffness for remotely controlled release of objects in robotics.\u00a0<span style=\"color: #808080;\"><em>Isabella Fiorello, Fabian Meder, Omar Tricinci, Carlo Filippeschi, Barbara Mazzolai<\/em><\/span><\/p>\n<p><strong>11:00 - 11:30<\/strong> Coffee break<\/p>\n<p><span style=\"color: #e0512d;\"><em><span style=\"font-size: 20px;\">Artificial muscles and actuators<\/span><\/em><\/span><\/p>\n<p><strong>11:30 - 11:50<\/strong> Design, optimization, and characterization of bio-hybrid actuators based on 3D-bioprinted skeletal muscle tissue.\u00a0<span style=\"color: #808080;\"><em>Rafael Mestre, Tania Pati\u00f1o, Maria Guix, Xavier Barcel\u00f3, Samuel S\u00e1nchez<\/em><\/span><\/p>\n<p><strong>11:50 - 12:10<\/strong> Tuning a robot servomotor to exhibit muscle-like dynamics.\u00a0<em><span style=\"color: #808080;\">Nicholas Szczecinski, Clarissa Goldsmith, Fletcher Young, Roger Quinn<\/span><\/em><\/p>\n<p><strong>12:10 - 12:30<\/strong> Highly-integrated muscle-spindles for pneumatic artificial muscles made from conductive fabrics.\u00a0<span style=\"color: #808080;\"><em>Arne Hitzmann, Shuhei Ikemoto, Koh Hosoda<\/em><\/span><\/p>\n<p><strong>12:30-13:30 <span style=\"color: #e0512d;\">Poster Session<\/span><\/strong><\/p>\n<p><strong>13:30 - 15:30<\/strong> Lunch break<\/p>\n<p><span style=\"color: #e0512d;\"><em><span style=\"font-size: 20px;\">Memory, social robotics and biohybrid systems<\/span><\/em><\/span><\/p>\n<p><strong>15:30 - 15:20<\/strong> Insect behavior as high-sensitive olfactory sensor for robotic odor tracking.<span style=\"color: #808080;\">\u00a0<em>Junji Horibe, Noriyasu Ando, Ryohei Kanzaki\u00a0<\/em><\/span><\/p>\n<p><strong>15:20 - 15:40<\/strong> Robots that imagine: can hippocampal replay be utilized for robotic mnemonics?\u00a0<em><span style=\"color: #808080;\">Matthew Whelan, Eleni Vasilaki, Tony Prescott<\/span><\/em><\/p>\n<p><strong>15:40 - 16:00<\/strong> Feed-forward selection of cerebellar models for calibration of robot sound source localization.\u00a0<span style=\"color: #808080;\"><em>Mark Baxendale, Mokhtar Nibouche, Emanuele Lindo Secco, Tony Pipe, Martin Pearson<\/em><\/span><\/p>\n<p><strong>16:00 -16:30<\/strong> \u00a0<span style=\"color: #e0512d;\">AWARDS<\/span><\/p>\n<p>END<\/p>\n<\/div>\n<\/div><\/div><\/div><\/div><\/div>","protected":false},"excerpt":{"rendered":"<p>July 10-12\u00a0\u00a09:00\u00a0 \u2013 18:00\u00a0 \u00a0 The Conference\u00a0and Poster Session will take place at the Kasugano International Forum in Nara,\u00a0Japan.\u00a0www.i-ra-ka.jp\/en\/ July 10 9:00 REGISTRATION\u00a0 9:20-9:30 &#8211; WELCOME 9:30 &#8211; 10:30 -PLENARY TALK\u00a0\u00a0MICHAEL MILFORD\u00a0 Navigation, neuroscience and neural networks: a quest to understand intelligence and build better technology for robots and autonomous vehicles. Animals inspired systems 10:30&#8230;<\/p>\n","protected":false},"author":2,"featured_media":0,"parent":2763,"menu_order":0,"comment_status":"closed","ping_status":"closed","template":"","meta":{"_monsterinsights_skip_tracking":false,"_monsterinsights_sitenote_active":false,"_monsterinsights_sitenote_note":"","_monsterinsights_sitenote_category":0},"_links":{"self":[{"href":"https:\/\/livingmachinesconference.eu\/2019\/wp-json\/wp\/v2\/pages\/3188"}],"collection":[{"href":"https:\/\/livingmachinesconference.eu\/2019\/wp-json\/wp\/v2\/pages"}],"about":[{"href":"https:\/\/livingmachinesconference.eu\/2019\/wp-json\/wp\/v2\/types\/page"}],"author":[{"embeddable":true,"href":"https:\/\/livingmachinesconference.eu\/2019\/wp-json\/wp\/v2\/users\/2"}],"replies":[{"embeddable":true,"href":"https:\/\/livingmachinesconference.eu\/2019\/wp-json\/wp\/v2\/comments?post=3188"}],"version-history":[{"count":314,"href":"https:\/\/livingmachinesconference.eu\/2019\/wp-json\/wp\/v2\/pages\/3188\/revisions"}],"predecessor-version":[{"id":5020,"href":"https:\/\/livingmachinesconference.eu\/2019\/wp-json\/wp\/v2\/pages\/3188\/revisions\/5020"}],"up":[{"embeddable":true,"href":"https:\/\/livingmachinesconference.eu\/2019\/wp-json\/wp\/v2\/pages\/2763"}],"wp:attachment":[{"href":"https:\/\/livingmachinesconference.eu\/2019\/wp-json\/wp\/v2\/media?parent=3188"}],"curies":[{"name":"wp","href":"https:\/\/api.w.org\/{rel}","templated":true}]}}