{"id":3247,"date":"2017-06-10T16:17:39","date_gmt":"2017-06-10T16:17:39","guid":{"rendered":"http:\/\/livingmachinesconference.eu\/2017\/?page_id=3247"},"modified":"2018-06-09T07:08:53","modified_gmt":"2018-06-09T07:08:53","slug":"accepted-papers","status":"publish","type":"page","link":"https:\/\/livingmachinesconference.eu\/2017\/about\/accepted-papers\/","title":{"rendered":"ACCEPTED PAPERS"},"content":{"rendered":"<div id=\"pl-3247\"  class=\"panel-layout\" ><div id=\"pg-3247-0\"  class=\"panel-grid panel-no-style\" ><div id=\"pgc-3247-0-0\"  class=\"panel-grid-cell\" ><div id=\"panel-3247-0-0-0\" class=\"so-panel widget widget_sow-editor panel-first-child\" data-index=\"0\" ><div class=\"so-widget-sow-editor so-widget-sow-editor-base\">\n<div class=\"siteorigin-widget-tinymce textwidget\">\n\t<p><span style=\"font-size: 18px;\">The Living Machines proceedings <\/span>is<span style=\"font-size: 18px;\"> now available online. You can find information about it at the Springer link\u00a0<a class=\"gtm-confseries-link\" href=\"https:\/\/link.springer.com\/book\/10.1007%2F978-3-319-63537-8\" data-test=\"ConfSeriesLink\"><span data-test=\"ConferenceAcronym\">Living Machines:<\/span>\u00a0<span data-test=\"ConfSeriesName\">Conference on Biomimetic and Biohybrid Systems<\/span><\/a>\u00a0<\/span><\/p>\n<h3><span style=\"color: #e0512d;\">Oral\u00a0Presentations<\/span><\/h3>\n<p><span style=\"font-size: 18px;\"><strong><span style=\"color: #e0512d;\">1.<\/span> Spiking cooperative stereo-matching at 2 ms latency with neuromorphic hardware.<\/strong> <em>Georgi Dikov, Mohsen Firouzi, Florian R\u00f6hrbein, Jorg Conradt, Christoph Richter<\/em><\/span><br \/> <span style=\"font-size: 18px;\"><span style=\"color: #e0512d;\"><strong>2.<\/strong><\/span> <strong>Stimulus Control for Semi-Autonomous Computer Canine-Training.<\/strong> <em>John Majikes, Sherrie Yuschak, Katherine walker, Rita Brugarolas, Sean Mealin, marc foster, alper bozkurt, barbara sherman, David Roberts<\/em><\/span><br \/> <span style=\"font-size: 18px;\"><strong><span style=\"color: #e0512d;\">3.<\/span> Reducing Versatile Bat Wing Conformations to a 1-DoF Machine.<\/strong>\u00a0 <em>Jonathan Hoff, Alireza Ramezani, Soon-Jo Chung, Seth Hutchinson<\/em><\/span><br \/> <span style=\"font-size: 18px;\"><strong><span style=\"color: #e0512d;\">4.<\/span> MantisBot Changes Stepping Speed by Entraining CPGs to Positive Velocity Feedback. \u00a0<\/strong><em>Nicholas Szczecinski, Roger Quinn<\/em><\/span><br \/> <span style=\"font-size: 18px;\"><strong><span style=\"color: #e0512d;\">5.<\/span> Jellyfish inspired soft robot prototype which uses circumferential contraction for jet propulsion.<\/strong> <em>George Bridges, Moritz Raach, Martin Stoelen<\/em><\/span><br \/> <span style=\"font-size: 18px;\"><span style=\"color: #e0512d;\"><strong>6.<\/strong><\/span> <strong>Predator Evasion by a Robocrab.<\/strong> <em>Theodoros Stouraitis, Evripidis Gkanias, Jan M. Hemmi, Barbara Webb<\/em><\/span><br \/> <span style=\"font-size: 18px;\"><strong><span style=\"color: #e0512d;\">7.<\/span> EvoBot: towards a Robot-Chemostat for culturing and maintaining Microbial Fuel Cells (MFCs).<\/strong><em> Pavlina Theodosiou, Andres Faina, Farzad Nejatimoharrami, Kasper Stoy, John Greenman, Chris Melhuish, Ioannis Ieropoulos<\/em><\/span><br \/> <span style=\"font-size: 18px;\"><strong><span style=\"color: #e0512d;\">8.<\/span> Mathematical Modeling to Improve Control of Mesh Body for Peristaltic Locomotion.<\/strong> <em>Yifan Huang, Akhil Kandhari, Hillel Chiel, Roger Quinn, Kathryn Daltorio<\/em><\/span><br \/> <span style=\"font-size: 18px;\"><strong><span style=\"color: #e0512d;\">9.<\/span> Reducing Training Environments in Evolutionary Robotics Through Ecological Modularity.<\/strong> <em>Collin Cappelle, Anton Bernatskiy, Josh Bongard<\/em><\/span><br \/> <span style=\"font-size: 18px;\"><strong><span style=\"color: #e0512d;\">10.<\/span> Pop! Observing and Modeling the Legless Self-righting Jumping Mechanism of Click Beetles.<\/strong> <em>Ophelia Bolmin, CHENGFANG DUAN, Luis Urrutia, Ahmad M. Abdulla, Alexander M. Hazel, Marianne Alleyne, Alison Dunn, Aimy Wissa<\/em><\/span><br \/> <span style=\"font-size: 18px;\"><strong><span style=\"color: #e0512d;\">11.<\/span> Autonomous Thrust-Assisted Perching of a Fixed-Wing UAV on Vertical Surfaces.<\/strong> <em>Dino Mehanovic, John Bass, Thomas Courteau, David Rancourt, Alexis Lussier Desbiens<\/em> <\/span><br \/> <span style=\"font-size: 18px;\"><strong><span style=\"color: #e0512d;\">12.<\/span> An Integrated Compliant Fabric Skin Softens, Lightens, and Simplifies a Mesh Robot.\u00a0<\/strong> <em>Anna Mehringer, Akhil Kandhari, Hillel Chiel, Roger Quinn, Kathryn Daltorio<\/em><\/span><br \/> <span style=\"font-size: 18px;\"><strong><span style=\"color: #e0512d;\">13.<\/span> Describing Robotic Bat Flight with Stable Periodic Orbits.\u00a0<\/strong> <em>Alireza Ramezani, Syed Usman Ahmed, Jonathan Hoff, Soon-Jo Chung, Seth Hutchinson<\/em><\/span><br \/> <span style=\"font-size: 18px;\"><strong><span style=\"color: #e0512d;\">14.<\/span> A Biomimetic Vocalisation System for MiRo Roger Moore.<\/strong>\u00a0<em>Ben Mitchinson<\/em><\/span><br \/> <span style=\"font-size: 18px;\"><strong><span style=\"color: #e0512d;\">15.<\/span> Feather-Inspired Sensor for Stabilizing Unmanned Aerial Vehicles in Turbulent Conditions.<\/strong> <em>Christos Kouppas, Martin Pearson, Paul Dean, Sean Anders<\/em><\/span><br \/> <span style=\"font-size: 18px;\"><strong><span style=\"color: #e0512d;\">16.<\/span> Using deep autoencoders to investigate image matching in visual navigation.<\/strong> <em>Chris Walker, Paul Graham, Andrew Philippides<\/em> <\/span><br \/> <span style=\"font-size: 18px;\"><span style=\"color: #e0512d;\"><strong>17.<\/strong><\/span> <strong>You made him be alive: Children\u2019s perceptions of animacy in a humanoid robot.<\/strong> <em>David Cameron, Samuel Fernando, Emily C. Collins, Abigail Millings, Michael Szollosy, Roger Moore, Amanda Sharkey, Tony Prescott<\/em><\/span><br \/> <span style=\"font-size: 18px;\"><strong><span style=\"color: #e0512d;\">18<\/span>.<\/strong> <strong>Self-organising thermoregulatory huddling in a model of soft deformable littermates.\u00a0<\/strong><em>Stuart Wilson<\/em><\/span><br \/> <span style=\"font-size: 18px;\"><strong><span style=\"color: #e0512d;\">19.<\/span> Tunable Normal and Shear Force Discrimination by a Plant-Inspired Tactile Sensor for Soft Robotics.<\/strong>\u00a0 <em>Afroditi Astreinidi Blandin, Massimo Totaro, Irene Bernardeschi, Lucia Beccai<\/em><\/span><br \/> <span style=\"font-size: 18px;\"><strong><span style=\"color: #e0512d;\">20.<\/span> 3D-printed Biohybrid Robots Powered by Neuromuscular Tissue Circuits from Aplysia californica.<\/strong> <em>Victoria Webster-Wood, Fletcher Young, Jill Patel, Gabrielle Scariano, Ozan Akkus, Umut Gurkan, Hillel Chiel, Roger Quinn<\/em><\/span><br \/> <span style=\"font-size: 18px;\"><strong><span style=\"color: #e0512d;\">21.<\/span> Analysing the Limitations of Deep Learning.<\/strong> <em>Daniel Camilleri, Tony Prescott<\/em><\/span><br \/> <span style=\"font-size: 18px;\"><strong><span style=\"color: #e0512d;\">22.<\/span> Automated calibration of a biomimetic space-dependent model for zebrafish and robot collective behaviour in a structured environment.<\/strong> <em>Leo Cazenille, Yohann Chemtob, Frank Bonnet, Alexey Gribovskiy, Francesco Mondada, Nicolas Bredeche, Jos\u00e9 Halloy<\/em><\/span><\/p>\n<h3>\u00a0<\/h3>\n<\/div>\n<\/div><\/div><div id=\"panel-3247-0-0-1\" class=\"so-panel widget widget_sow-editor\" data-index=\"1\" ><div class=\"so-widget-sow-editor so-widget-sow-editor-base\">\n<div class=\"siteorigin-widget-tinymce textwidget\">\n\t<h3><span style=\"color: #e0512d;\">\u00a0Poster Session 1\u00a0<\/span><\/h3>\n<p><span style=\"font-size: 18px;\"><strong><span style=\"color: #e0512d;\">1.<\/span> Development of a Bio-inspired Knee Joint Mechanism for a Bipedal Robot.<\/strong>\u00a0\u00a0<em>Alexander Steele, Alexander Hunt, Appolinaire C. Etoundi<\/em><\/span><br \/> <span style=\"font-size: 18px;\"><strong><span style=\"color: #e0512d;\">2<\/span>. Neuronal distance estimation by a fly-robot interface.<\/strong>\u00a0 <em>Jiaqi Huang, Holger G Krapp<\/em><\/span><br \/> <span style=\"font-size: 18px;\"><strong><span style=\"color: #e0512d;\">3.<\/span> Bio-inspired Robot Design Considering Load-bearing and Kinematic Ontogeny of Chelonioidea Sea Turtles.<\/strong> <em>Andrew Jansen, Kevin Sebastian Luck, Joseph Campbell, Heni Ben Amor, Daniel Aukes<\/em><\/span><br \/> <span style=\"font-size: 18px;\"><strong><span style=\"color: #e0512d;\">4.<\/span> Development of Novel Foam-based Soft Robotic Ring Actuators for a Biomimetic Peristaltic Pumping System.<\/strong> <em>Falk Esser, Tibor Steger, David Bach, Tom Masselter, Thomas Speck<\/em><\/span><br \/><span style=\"font-size: 18px;\"><strong><span style=\"color: #e0512d;\">5.<\/span> Effects of locomotive drift in scale-invariant robotic search strategies.<\/strong> <em>Carlos Garcia-Saura, Eduardo Serrano, Francisco B. Rodriguez, Pablo Varona<\/em><\/span><br \/><strong><span style=\"font-size: 18px;\"><span style=\"color: #e0512d;\">6.<\/span> Animal and Robotic Locomotion on Wet Granular Media.<\/span><\/strong><em><span style=\"font-size: 18px;\"> Hosain Bagheri, Vishwarath Taduru, Sachin Panchal, Shawn White, Hamidreza Marvi<\/span><\/em><br \/><span style=\"font-size: 18px;\"><strong><span style=\"color: #e0512d;\">7.<\/span> Bio-inspired Tensegrity Soft Modular Robots.<\/strong><\/span> <em><span style=\"font-size: 18px;\">Davide Zappetti, Stefano Mintchev, Jun Shintake, Dario Floreano<\/span><\/em><br \/><span style=\"font-size: 18px;\"><strong><span style=\"color: #e0512d;\">8.<\/span> Research of a lensless artificial compound eye.<\/strong><\/span><em><span style=\"font-size: 18px;\"> Ga\u0161per \u0160kulj, Drago Bracun <\/span><\/em><br \/><span style=\"font-size: 18px;\"><strong><span style=\"color: #e0512d;\">9.<\/span> Straight swimming algorithms used by a design of biomimetic robotic fish Afolayan\u00a0<\/strong><\/span><em><span style=\"font-size: 18px;\">. Matthew Olatunde<\/span><\/em><br \/><span style=\"font-size: 18px;\"><strong><span style=\"color: #e0512d;\">10.<\/span> Introducing BiomimOMICS: Combining Biomimetics and Comparative Genomics for Constraining Synapse and Nervous System Evolution.<\/strong><\/span><em><span style=\"font-size: 18px;\"> Claudio Flores Martinez<\/span><\/em><br \/> <strong><span style=\"font-size: 18px;\"><span style=\"color: #e0512d;\">11.<\/span> <\/span><\/strong><span style=\"font-size: 18px;\"><strong>Exploiting Morphology of a Soft Manipulator for Assistive Tasks.<\/strong><\/span> <em><span style=\"font-size: 18px;\">Mariangela Manti, Thomas Thuruthel, Francesco Falotico, Andrea Pratesi, Egidio Falotico, Matteo Cianchetti, Cecilia Laschi<\/span><\/em><br \/><span style=\"font-size: 18px;\"><strong><span style=\"color: #e0512d;\">12.<\/span> Bioinspired magnetic navigation using magnetic signatures as waypoints.<\/strong><\/span> <em><span style=\"font-size: 18px;\">Brian Taylor, Grant Huang<\/span><\/em><br \/><span style=\"font-size: 18px;\"><strong><span style=\"color: #e0512d;\">13.<\/span> A biomechanical characterization of plant root tissues by dynamic nanoindentation technique for biomimetic technologies.<\/strong><\/span><span style=\"font-size: 18px;\">\u00a0\u00a0<\/span><em><span style=\"font-size: 18px;\">Benedetta Calusi, Francesca Tramacere, Nicola M. Pugno, Barbara Mazzolai<\/span><\/em><br \/><span style=\"font-size: 18px;\"><strong><span style=\"color: #e0512d;\">14.<\/span> Collisional Diffraction Emerges from Simple Control of Limbless Locomotion.<\/strong><\/span><em><span style=\"font-size: 18px;\"> Perrin Schiebel, Jennifer Rieser, Alex Hubbard, Lillian Chen, Daniel Goldman<\/span><\/em><br \/><span style=\"font-size: 18px;\"><strong><span style=\"color: #e0512d;\">15.<\/span> Modeling of Bioinspired Apical Extension in a Soft Robot.<\/strong><\/span> <em><span style=\"font-size: 18px;\">Laura Blumenschein, Allison Okamura, Elliot Hawkes<\/span><\/em><br \/><span style=\"font-size: 18px;\"><strong><span style=\"color: #e0512d;\">16.<\/span> Soft Fingers with Controllable Compliance to Enable Realization of Low Cost Grippers.<\/strong><\/span><em><span style=\"font-size: 18px;\"> Satyandra Gupta, Keng-Yu Lin<\/span><\/em><br \/><span style=\"font-size: 18px;\"><strong><span style=\"color: #e0512d;\">17.<\/span> Binocular Vision Using Synthetic Nervous Systems.<\/strong><\/span><em><span style=\"font-size: 18px;\"> Anna Sedlackova, Nicholas Szczecinski, Roger Quinn<\/span><\/em><br \/><span style=\"font-size: 18px;\"><strong><span style=\"color: #e0512d;\">18.<\/span> Geometric Mechanics Applied to Tetrapod Locomotion on Granular Media.<\/strong><\/span> <em><span style=\"font-size: 18px;\">Yasemin Ozan Aydin, Baxi Chong, Chaohui Gong, Jennifer Rieser, Jeffery W. Rankin, Krijn Michel, Alfredo G. Nicieza, John Hutchinson, Howie Choset, Daniel Goldman<\/span><\/em><br \/><span style=\"font-size: 18px;\"><strong><span style=\"color: #e0512d;\">19<\/span>. A Closed Loop Shape Control for Bio-inspired Soft Arms.<\/strong><\/span><em><span style=\"font-size: 18px;\"> Dario Lunni, Matteo Cianchetti, Egidio Falotico, Cecilia Laschi, Barbara Mazzolai<\/span><\/em><br \/><span style=\"font-size: 18px;\"><strong><span style=\"color: #e0512d;\">20.<\/span> Bio-inspired design of a double-sided crawling robot.<\/strong><\/span><em><span style=\"font-size: 18px;\">\u00a0 Jong-Eun Lee, Gwang-Pil Jung, Kyu-jin Cho<\/span><\/em><\/p>\n<\/div>\n<\/div><\/div><div id=\"panel-3247-0-0-2\" class=\"so-panel widget widget_sow-editor panel-last-child\" data-index=\"2\" ><div class=\"so-widget-sow-editor so-widget-sow-editor-base\">\n<div class=\"siteorigin-widget-tinymce textwidget\">\n\t<h3><span style=\"color: #e0512d;\">\u00a0Poster Session 2\u00a0<\/span><\/h3>\n<p><span style=\"font-size: 18px;\"><strong><span style=\"color: #e0512d;\">21.<\/span> An Adaptive Modular Recurrent Cerebellum-Inspired Controller.<\/strong> <em>Kiyan Maheri, Alexander Lenz, Martin Pearson<\/em><\/span><br \/> <strong><span style=\"font-size: 18px;\"><span style=\"color: #e0512d;\">22<\/span>. A Scalable Neuro-inspired Robot Controller Integrating a Machine Learning Algorithm and a Spiking Cerebellar-like Network.<\/span><\/strong><em><span style=\"font-size: 18px;\"> Ismael Baira Ojeda, Silvia Tolu, Henrik Hautop Lund<\/span><\/em><br \/><span style=\"font-size: 18px;\"><strong><span style=\"color: #e0512d;\">23.<\/span> Behavior-State Dependent Modulation of Perception Based on a Model of Conditioning.<\/strong><\/span><em><span style=\"font-size: 18px;\"> Jordi-Ysard Puigb\u00f2 Llobet, Miguel \u00c1ngel Gonz\u00e1lez Ballester, Paul Verschure<\/span><\/em><br \/><span style=\"font-size: 18px;\"><strong><span style=\"color: #e0512d;\">24.<\/span> Causal biomimesis: self-replication as evolutionary consequence.<\/strong><\/span><em><span style=\"font-size: 18px;\"> Gabriel Axel Montes<\/span><\/em><br \/><strong><span style=\"font-size: 18px;\"><span style=\"color: #e0512d;\">25.<\/span> Simulation of Human Balance Control Using an Inverted Pendulum Model.<\/span><\/strong><em><span style=\"font-size: 18px;\"> Wade Hilts, Alexander Hunt, Nicholas Szczecinski, Roger Quinn<\/span><\/em><br \/><span style=\"font-size: 18px;\"><strong><span style=\"color: #e0512d;\">26.<\/span> Deep Dynamic Programming: Optimal Control with Continuous Model Learning of a Nonlinear Muscle Actuated Arm.<\/strong><\/span> <em><span style=\"font-size: 18px;\">Andrew Lonsberry, Alexander Lonsberry, Roger Quinn<\/span><\/em><br \/><span style=\"font-size: 18px;\"><strong><span style=\"color: #e0512d;\">27.<\/span> Non-ordinary consciousness for artificial intelligence.<\/strong><\/span> <em><span style=\"font-size: 18px;\">Gabriel Axel Montes <\/span><\/em><br \/><span style=\"font-size: 18px;\"><strong><span style=\"color: #e0512d;\">28.<\/span> Towards Identifying Biological Research Articles in Computer-Aided Biomimetics.<\/strong><\/span><em><span style=\"font-size: 18px;\"> Ruben Kruiper, Julian F.V. Vincent, Jessica Chen-Burger, Marc Desmulliez<\/span><\/em><br \/><span style=\"font-size: 18px;\"><strong><span style=\"color: #e0512d;\">29.<\/span> Dry Adhesion of Artificial Gecko Setae Fabricated via Direct Laser Lithography.<\/strong><\/span> <em><span style=\"font-size: 18px;\">Omar Tricinci, Eric Eason, Carlo Filippeschi, Alessio Mondini, Barbara Mazzolai, Nicola M. Pugno, Mark Cutkosky, Francesco Greco, Virgilio Mattoli<\/span><\/em><br \/><span style=\"font-size: 18px;\"><strong><span style=\"color: #e0512d;\">30.<\/span> Spermbots: concept and applications.<\/strong><\/span> <em><span style=\"font-size: 18px;\">Mariana Medina-Sanchez, Veronika Magdanz, Lukas Schwarz, Haifeng Xu, Oliver Schmidt <\/span><\/em><br \/><span style=\"font-size: 18px;\"><strong><span style=\"color: #e0512d;\">31.<\/span> Biomimetic Creatures Teach Mechanical Systems Design.<\/strong><\/span><em><span style=\"font-size: 18px;\"> Matthew Estrada, John Kegelman, Chris Gerdes, Mark Cutkosky<\/span><\/em><br \/><span style=\"font-size: 18px;\"><strong><span style=\"color: #e0512d;\">32.<\/span> Bioinspired Grippers for Natural Curved Surface Perching.<\/strong><\/span><em><span style=\"font-size: 18px;\"> William Roderick, Hao Jiang, Shiquan Wang, David Lentink, Mark Cutkosky<\/span><\/em><br \/><span style=\"font-size: 18px;\"><strong><span style=\"color: #e0512d;\">33.<\/span> Gesture Recognition through Classification of Acoustic Muscle Sensing for Prosthetic Control.<\/strong><\/span><span style=\"font-size: 18px;\">\u00a0\u00a0<\/span><em><span style=\"font-size: 18px;\">Samuel Wilson, Ravi Vaidyanathan<\/span><\/em><br \/> <span style=\"font-size: 18px;\"><strong><span style=\"color: #e0512d;\">34.<\/span> Cell Patterning Method by Vibratory Stimuli.<\/strong><\/span><span style=\"font-size: 18px;\">\u00a0\u00a0<\/span><em><span style=\"font-size: 18px;\">Ippei Tashiro, Masahiro Shimizu, Koh Hosoda<\/span><\/em><br \/> <span style=\"font-size: 18px;\"><strong><span style=\"color: #e0512d;\">35.<\/span> An Insect-Scale Bioinspired Flapping-Wing-Mechanism for Micro Aerial Vehicle Development.<\/strong><\/span><em><span style=\"font-size: 18px;\">\u00a0 Kenneth Moses, Nathaniel Michaels, Joel Hauerwas, Mark Willis, Roger Quinn<\/span><\/em><br \/><span style=\"font-size: 18px;\"><strong><span style=\"color: #e0512d;\">36.<\/span> Self-Organisation of Spatial Behaviour in a Kilobot Swarm.<\/strong><\/span><em><span style=\"font-size: 18px;\">\u00a0 Calum Imrie, J. Michael Herrmann<\/span><\/em><br \/> <span style=\"font-size: 18px;\"><strong><span style=\"color: #e0512d;\">37.<\/span> Using the Robot Operating System for Biomimetic Research.<\/strong><\/span><span style=\"font-size: 18px;\">\u00a0\u00a0<\/span><em><span style=\"font-size: 18px;\">Alexander Billington, Whitbread Joseph, Gabriel Walton, Michael Mangan<\/span><\/em><br \/> <span style=\"font-size: 18px;\"><strong><span style=\"color: #e0512d;\">38.<\/span> Learning modular sequences in the Striatum.<\/strong><\/span><em><span style=\"font-size: 18px;\"> Giovanni Maffei, Jordi-Ysard Puigb\u00f2 Llobet, Paul Verschure<\/span><\/em><br \/> <span style=\"font-size: 18px;\"><strong><span style=\"color: #e0512d;\">39.<\/span> Consciousness as an Evolutionary Game-Theoretic Strategy.<\/strong><\/span><em><span style=\"font-size: 18px;\"> Xerxes Arsiwalla, Ivan Herreros, Cl\u00e9ment Moulin-Frier, Paul Verschure<\/span><\/em><\/p>\n<\/div>\n<\/div><\/div><\/div><\/div><\/div>","protected":false},"excerpt":{"rendered":"<p>The Living Machines proceedings is now available online. You can find information about it at the Springer link\u00a0Living Machines:\u00a0Conference on Biomimetic and Biohybrid Systems\u00a0Oral\u00a0Presentations1. Spiking cooperative stereo-matching at 2 ms latency with neuromorphic hardware. Georgi Dikov, Mohsen Firouzi, Florian R\u00f6hrbein, Jorg Conradt, Christoph Richter 2. Stimulus Control for Semi-Autonomous Computer Canine-Training. John Majikes, Sherrie Yuschak,&#8230;<\/p>\n","protected":false},"author":2,"featured_media":0,"parent":2763,"menu_order":0,"comment_status":"closed","ping_status":"closed","template":"","meta":{"_monsterinsights_skip_tracking":false,"_monsterinsights_sitenote_active":false,"_monsterinsights_sitenote_note":"","_monsterinsights_sitenote_category":0},"_links":{"self":[{"href":"https:\/\/livingmachinesconference.eu\/2017\/wp-json\/wp\/v2\/pages\/3247"}],"collection":[{"href":"https:\/\/livingmachinesconference.eu\/2017\/wp-json\/wp\/v2\/pages"}],"about":[{"href":"https:\/\/livingmachinesconference.eu\/2017\/wp-json\/wp\/v2\/types\/page"}],"author":[{"embeddable":true,"href":"https:\/\/livingmachinesconference.eu\/2017\/wp-json\/wp\/v2\/users\/2"}],"replies":[{"embeddable":true,"href":"https:\/\/livingmachinesconference.eu\/2017\/wp-json\/wp\/v2\/comments?post=3247"}],"version-history":[{"count":32,"href":"https:\/\/livingmachinesconference.eu\/2017\/wp-json\/wp\/v2\/pages\/3247\/revisions"}],"predecessor-version":[{"id":3516,"href":"https:\/\/livingmachinesconference.eu\/2017\/wp-json\/wp\/v2\/pages\/3247\/revisions\/3516"}],"up":[{"embeddable":true,"href":"https:\/\/livingmachinesconference.eu\/2017\/wp-json\/wp\/v2\/pages\/2763"}],"wp:attachment":[{"href":"https:\/\/livingmachinesconference.eu\/2017\/wp-json\/wp\/v2\/media?parent=3247"}],"curies":[{"name":"wp","href":"https:\/\/api.w.org\/{rel}","templated":true}]}}